{"id":2204,"date":"2025-12-16T22:17:05","date_gmt":"2025-12-16T22:17:05","guid":{"rendered":"https:\/\/qiktours.com\/tour-en-bicicleta-electrica-por-el-madrid-con-encanto\/"},"modified":"2026-02-06T17:15:00","modified_gmt":"2026-02-06T17:15:00","slug":"tour-en-bicicleta-electrica-por-el-madrid-con-encanto","status":"publish","type":"page","link":"https:\/\/qiktours.com\/es\/tours\/tour-en-bicicleta-electrica-por-el-madrid-con-encanto\/","title":{"rendered":"Tour en bicicleta el\u00e9ctrica por el Madrid con encanto"},"content":{"rendered":"\t\t<div data-elementor-type=\"wp-page\" data-elementor-id=\"2204\" class=\"elementor elementor-2204 elementor-2168\" data-elementor-post-type=\"page\">\n\t\t\t\t<div class=\"elementor-element elementor-element-f1afe3e e-flex e-con-boxed e-con e-parent\" data-id=\"f1afe3e\" data-element_type=\"container\" data-settings=\"{&quot;background_background&quot;:&quot;classic&quot;}\">\n\t\t\t\t\t<div class=\"e-con-inner\">\n\t\t\t\t<div class=\"elementor-element elementor-element-66a5a89 elementor-widget elementor-widget-heading\" data-id=\"66a5a89\" data-element_type=\"widget\" data-widget_type=\"heading.default\">\n\t\t\t\t\t<h1 class=\"elementor-heading-title elementor-size-default\">Tour en bicicleta el\u00e9ctrica por el Madrid con encanto\n<\/h1>\t\t\t\t<\/div>\n\t\t\t\t<div class=\"elementor-element elementor-element-2f4d68f elementor-widget elementor-widget-text-editor\" data-id=\"2f4d68f\" data-element_type=\"widget\" data-widget_type=\"text-editor.default\">\n\t\t\t\t\t\t\t\t\t<p>Descubre la belleza y la historia de Madrid de una manera \u00fanica y ecol\u00f3gica con nuestro tour en bicicleta el\u00e9ctrica.<\/p>\t\t\t\t\t\t\t\t<\/div>\n\t\t<div class=\"elementor-element elementor-element-54fdaa3 e-con-full e-flex e-con e-child\" data-id=\"54fdaa3\" data-element_type=\"container\">\n\t\t<div class=\"elementor-element elementor-element-b0730ff e-con-full e-flex e-con e-child\" data-id=\"b0730ff\" data-element_type=\"container\" data-settings=\"{&quot;background_background&quot;:&quot;classic&quot;}\">\n\t\t\t\t<\/div>\n\t\t<div class=\"elementor-element elementor-element-44cf31b e-con-full e-flex e-con e-child\" data-id=\"44cf31b\" data-element_type=\"container\">\n\t\t<div class=\"elementor-element elementor-element-931e7ae e-con-full e-flex e-con e-child\" data-id=\"931e7ae\" data-element_type=\"container\" data-settings=\"{&quot;background_background&quot;:&quot;classic&quot;}\">\n\t\t\t\t<\/div>\n\t\t<div class=\"elementor-element elementor-element-96fdd48 e-con-full e-flex e-con e-child\" data-id=\"96fdd48\" data-element_type=\"container\" data-settings=\"{&quot;background_background&quot;:&quot;classic&quot;}\">\n\t\t\t\t<\/div>\n\t\t\t\t<\/div>\n\t\t\t\t<\/div>\n\t\t\t\t\t<\/div>\n\t\t\t\t<\/div>\n\t\t<div class=\"elementor-element elementor-element-2d77409 e-flex e-con-boxed e-con e-parent\" data-id=\"2d77409\" data-element_type=\"container\">\n\t\t\t\t\t<div class=\"e-con-inner\">\n\t\t<div class=\"elementor-element elementor-element-050c657 e-con-full e-flex e-con e-child\" data-id=\"050c657\" data-element_type=\"container\">\n\t\t\t\t<div class=\"elementor-element elementor-element-1298456 elementor-widget elementor-widget-text-editor\" data-id=\"1298456\" data-element_type=\"widget\" data-widget_type=\"text-editor.default\">\n\t\t\t\t\t\t\t\t\t<h4 class=\"biGQs _P SewaP ezezH\"><strong>Acerca de<\/strong><\/h4><div class=\"biGQs _P VImYz roAGK AWdfh\"><div class=\"_T FKffI\"><div class=\"fIrGe _T bgMZj\"><div class=\"_d\"><p>Tour en Bicicleta El\u00e9ctrica por Madrid: Historia y Belleza en Dos Ruedas<br>Emb\u00e1rcate en una aventura \u00fanica para descubrir Madrid de una manera eco-amigable y divertida con nuestro tour en bicicleta el\u00e9ctrica. Durante 2 horas y 30 minutos, explorar\u00e1s los lugares m\u00e1s emblem\u00e1ticos y pintorescos de la ciudad, disfrutando de la comodidad que ofrecen nuestras bicicletas el\u00e9ctricas. <\/p><p>Comenzar\u00e1s tu recorrido en el coraz\u00f3n de la ciudad, donde recibir\u00e1s todas las instrucciones necesarias y el equipo de seguridad para un viaje seguro y agradable. Desde ah\u00ed, te adentrar\u00e1s en una experiencia llena de encanto y maravillas. <\/p><p>Visitar\u00e1s la Plaza de Las Salesas, y te maravillar\u00e1s con los Jardines de la Plaza Villa de Par\u00eds, lugares que invitan a la contemplaci\u00f3n y a la fotograf\u00eda. La historia cobra vida en el Museo del Romanticismo, mientras que la majestuosidad de la Plaza de Espa\u00f1a y el imponente Palacio Real de Madrid te dejar\u00e1n sin aliento. <\/p><p>No puedes perderte la Catedral de la Almudena ni la emblem\u00e1tica Plaza Mayor, donde el bullicio de la vida madrile\u00f1a se siente en cada rinc\u00f3n. Te llevar\u00e1s contigo recuerdos imborrables al pasar por la vibrante Puerta del Sol y disfrutar del sereno Parque del Retiro, un oasis en medio del bullicio urbano. <\/p><p>On your electric bike, you&#8217;ll pass through the Puerta de Alcal\u00e1 and admire the splendid architecture of the Cibeles Palace, culminating in an experience rich in culture and beauty. This tour is perfect for those looking to explore Madrid in a sustainable way. <\/p><p>\u00danete a nosotros y vive una jornada que no solo te llevar\u00e1 a trav\u00e9s de la historia, sino que tambi\u00e9n te permitir\u00e1 disfrutar del aire fresco y la belleza de esta magn\u00edfica ciudad.<\/p><\/div><\/div><\/div><\/div>\t\t\t\t\t\t\t\t<\/div>\n\t\t<div class=\"elementor-element elementor-element-c4429e8 e-con-full e-flex e-con e-child\" data-id=\"c4429e8\" data-element_type=\"container\">\n\t\t\t\t<div class=\"elementor-element elementor-element-d00b307 elementor-widget elementor-widget-text-editor\" data-id=\"d00b307\" data-element_type=\"widget\" data-widget_type=\"text-editor.default\">\n\t\t\t\t\t\t\t\t\t<h4 class=\"biGQs _P SewaP mtnKn ezezH\"><strong>Servicios incluidos<\/strong><\/h4><div id=\":lithium-r1ha:\" class=\"NTEaH Mk UCUTD\"><div class=\"biGQs _P VImYz AWdfh\"><div class=\"tyUdl\"><ul><li>Alquiler de bicicletas<\/li><li>Casco<\/li><li><span style=\"font-size: 16px;\">Agua embotellada<\/span><\/li><\/ul><\/div><\/div><\/div>\t\t\t\t\t\t\t\t<\/div>\n\t\t<div class=\"elementor-element elementor-element-1749265 e-con-full e-flex e-con e-child\" data-id=\"1749265\" data-element_type=\"container\">\n\t\t\t\t<div class=\"elementor-element elementor-element-2832925 elementor-widget elementor-widget-text-editor\" data-id=\"2832925\" data-element_type=\"widget\" data-widget_type=\"text-editor.default\">\n\t\t\t\t\t\t\t\t\t<dl><dt><\/dt><dd><div id=\":lithium-r1he:\" class=\"NTEaH Mk UCUTD\"><div class=\"biGQs _P VImYz AWdfh\"><div><div class=\"tyUdl\"><h4 class=\"biGQs _P SewaP mtnKn ezezH\"><strong>Pol\u00edtica de cancelaci\u00f3n<\/strong><\/h4><div id=\":lithium-r1hf:\" class=\"NTEaH Mk UCUTD\"><div class=\"biGQs _P VImYz AWdfh\"><div><div class=\"tyUdl\"><div class=\"biGQs _P VImYz AWdfh\"><ul><li>Para recibir un reembolso completo de la experiencia, debes cancelar al menos 24 horas antes de que comience.<\/li><li>Si cancelas la experiencia con menos de 24 horas antes de que comience, no se te reembolsar\u00e1 el importe.<\/li><li>No se aceptar\u00e1n cambios con menos de 24 horas antes de que comience la experiencia.<\/li><li>La hora l\u00edmite se basa en la hora local del lugar donde se realiza la experiencia.<\/li><li>Se requiere buen tiempo para que esta experiencia tenga lugar. Si se cancela debido al mal tiempo, se te ofrecer\u00e1 otra fecha o un reembolso completo del importe pagado. <\/li><li>Debe haber un n\u00famero m\u00ednimo de viajeros para esta experiencia. Si se cancela porque no se alcanza el n\u00famero m\u00ednimo, se te ofrecer\u00e1 otra fecha u experiencia o un reembolso completo del importe pagado. <\/li><li>This tour\/activity can accommodate a maximum of 15 travelers<\/li><\/ul><\/div><\/div><\/div><\/div><\/div><\/div><\/div><\/div><\/div><\/dd><\/dl>\t\t\t\t\t\t\t\t<\/div>\n\t\t\t\t<\/div>\n\t\t\t\t<\/div>\n\t\t\t\t<\/div>\n\t\t<div class=\"elementor-element elementor-element-5b913f5 e-con-full e-flex e-con e-child\" data-id=\"5b913f5\" data-element_type=\"container\">\n\t\t<div class=\"elementor-element elementor-element-a99d98f e-con-full e-flex e-con e-child\" data-id=\"a99d98f\" data-element_type=\"container\">\n\t\t\t\t<div class=\"elementor-element elementor-element-754f27b elementor-widget elementor-widget-text-editor\" data-id=\"754f27b\" data-element_type=\"widget\" data-widget_type=\"text-editor.default\">\n\t\t\t\t\t\t\t\t\t<div class=\"tyUdl\"><div class=\"biGQs _P SewaP uPlAb KeZJf\"><h4><strong><span style=\"font-size: 1rem;\">Desde 34,90 \u20ac\/adulto<\/span><\/strong><\/h4><\/div><\/div>\t\t\t\t\t\t\t\t<\/div>\n\t\t\t\t<div class=\"elementor-element elementor-element-e3c1651 elementor-widget elementor-widget-html\" data-id=\"e3c1651\" data-element_type=\"widget\" data-widget_type=\"html.default\">\n\t\t\t\t\t<script type=\"text\/javascript\" src=\"https:\/\/widgets.bokun.io\/assets\/javascripts\/apps\/build\/BokunWidgetsLoader.js?bookingChannelUUID=862d905a-ea44-44cf-8832-5dcf4a34a7f4\" async=\"\"><\/script>\r\n      <style>\r\n          \r\n          .bokun-wrapper {\r\n  text-align: center;\r\n}\r\n#bokun_835e022c_e696_472d_932a_9147b840d1f3 { display: inline-block; padding: 10px 20px; background: #61CE70; color: #FFFFFF; border-radius: 5px; box-shadow: none; font-weight: 600; font-size: 16px; text-decoration: none; text-align: center; color: #FFFFFF; border:none; cursor: pointer; transition: background .2s ease; } #bokun_835e022c_e696_472d_932a_9147b840d1f3:hover{ background: #285726; } #bokun_835e022c_e696_472d_932a_9147b840d1f3:active{ background: #30682e; } <\/style><div class=\"bokun-wrapper\"><button class=\"bokunButton\" disabled id=\"bokun_835e022c_e696_472d_932a_9147b840d1f3\" data-src=\"https:\/\/widgets.bokun.io\/online-sales\/862d905a-ea44-44cf-8832-5dcf4a34a7f4\/experience\/1131822?partialView=1\" data-testid=\"widget-book-button\"> Reserva tu tour por Madrid <\/button> <\/div>\t\t\t\t<\/div>\n\t\t\t\t<\/div>\n\t\t\t\t<div class=\"elementor-element elementor-element-5a010f3 elementor-widget elementor-widget-text-editor\" data-id=\"5a010f3\" data-element_type=\"widget\" data-widget_type=\"text-editor.default\">\n\t\t\t\t\t\t\t\t\t<div class=\"tyUdl\"><div class=\"biGQs _P SewaP uPlAb KeZJf\"><p><b>Pol\u00edtica de cancelaci\u00f3n<\/b><\/p><p>Para recibir un reembolso completo, debe cancelar al menos un d\u00eda antes de la fecha reservada.<\/p><p>Reserva tu plaza manteniendo la flexibilidad.<\/p><p>Plazas limitadas disponibles.<\/p><\/div><\/div>\t\t\t\t\t\t\t\t<\/div>\n\t\t<div class=\"elementor-element elementor-element-f4c8804 e-con-full e-flex e-con e-child\" data-id=\"f4c8804\" data-element_type=\"container\">\n\t\t\t\t<\/div>\n\t\t\t\t<\/div>\n\t\t\t\t\t<\/div>\n\t\t\t\t<\/div>\n\t\t\t\t<\/div>\n\t\t","protected":false},"excerpt":{"rendered":"<p>Tour en bicicleta el\u00e9ctrica por el Madrid con encanto Descubre la belleza y la historia de Madrid de una manera [&hellip;]<\/p>\n","protected":false},"author":10,"featured_media":0,"parent":2218,"menu_order":0,"comment_status":"closed","ping_status":"closed","template":"","meta":{"_uag_custom_page_level_css":"","site-sidebar-layout":"no-sidebar","site-content-layout":"page-builder","ast-site-content-layout":"full-width-container","site-content-style":"default","site-sidebar-style":"default","ast-global-header-display":"","ast-banner-title-visibility":"","ast-main-header-display":"","ast-hfb-above-header-display":"","ast-hfb-below-header-display":"","ast-hfb-mobile-header-display":"","site-post-title":"disabled","ast-breadcrumbs-content":"","ast-featured-img":"disabled","footer-sml-layout":"","ast-disable-related-posts":"","theme-transparent-header-meta":"","adv-header-id-meta":"","stick-header-meta":"","header-above-stick-meta":"","header-main-stick-meta":"","header-below-stick-meta":"","astra-migrate-meta-layouts":"default","ast-page-background-enabled":"default","ast-page-background-meta":{"desktop":{"background-color":"var(--ast-global-color-4)","background-image":"","background-repeat":"repeat","background-position":"center center","background-size":"auto","background-attachment":"scroll","background-type":"","background-media":"","overlay-type":"","overlay-color":"","overlay-opacity":"","overlay-gradient":""},"tablet":{"background-color":"","background-image":"","background-repeat":"repeat","background-position":"center center","background-size":"auto","background-attachment":"scroll","background-type":"","background-media":"","overlay-type":"","overlay-color":"","overlay-opacity":"","overlay-gradient":""},"mobile":{"background-color":"","background-image":"","background-repeat":"repeat","background-position":"center center","background-size":"auto","background-attachment":"scroll","background-type":"","background-media":"","overlay-type":"","overlay-color":"","overlay-opacity":"","overlay-gradient":""}},"ast-content-background-meta":{"desktop":{"background-color":"var(--ast-global-color-5)","background-image":"","background-repeat":"repeat","background-position":"center center","background-size":"auto","background-attachment":"scroll","background-type":"","background-media":"","overlay-type":"","overlay-color":"","overlay-opacity":"","overlay-gradient":""},"tablet":{"background-color":"var(--ast-global-color-5)","background-image":"","background-repeat":"repeat","background-position":"center center","background-size":"auto","background-attachment":"scroll","background-type":"","background-media":"","overlay-type":"","overlay-color":"","overlay-opacity":"","overlay-gradient":""},"mobile":{"background-color":"var(--ast-global-color-5)","background-image":"","background-repeat":"repeat","background-position":"center center","background-size":"auto","background-attachment":"scroll","background-type":"","background-media":"","overlay-type":"","overlay-color":"","overlay-opacity":"","overlay-gradient":""}},"footnotes":""},"class_list":["post-2204","page","type-page","status-publish","hentry"],"uagb_featured_image_src":{"full":false,"thumbnail":false,"medium":false,"medium_large":false,"large":false,"1536x1536":false,"2048x2048":false},"uagb_author_info":{"display_name":"daniel.sanchez","author_link":"https:\/\/qiktours.com\/es\/author\/kdybsmkauslr\/"},"uagb_comment_info":0,"uagb_excerpt":"Tour en bicicleta el\u00e9ctrica por el Madrid con encanto Descubre la belleza y la historia de Madrid de una manera [&hellip;]","jetpack_sharing_enabled":true,"_links":{"self":[{"href":"https:\/\/qiktours.com\/es\/wp-json\/wp\/v2\/pages\/2204","targetHints":{"allow":["GET"]}}],"collection":[{"href":"https:\/\/qiktours.com\/es\/wp-json\/wp\/v2\/pages"}],"about":[{"href":"https:\/\/qiktours.com\/es\/wp-json\/wp\/v2\/types\/page"}],"author":[{"embeddable":true,"href":"https:\/\/qiktours.com\/es\/wp-json\/wp\/v2\/users\/10"}],"replies":[{"embeddable":true,"href":"https:\/\/qiktours.com\/es\/wp-json\/wp\/v2\/comments?post=2204"}],"version-history":[{"count":13,"href":"https:\/\/qiktours.com\/es\/wp-json\/wp\/v2\/pages\/2204\/revisions"}],"predecessor-version":[{"id":3338,"href":"https:\/\/qiktours.com\/es\/wp-json\/wp\/v2\/pages\/2204\/revisions\/3338"}],"up":[{"embeddable":true,"href":"https:\/\/qiktours.com\/es\/wp-json\/wp\/v2\/pages\/2218"}],"wp:attachment":[{"href":"https:\/\/qiktours.com\/es\/wp-json\/wp\/v2\/media?parent=2204"}],"curies":[{"name":"wp","href":"https:\/\/api.w.org\/{rel}","templated":true}]}}