{"id":2218,"date":"2025-12-09T19:00:46","date_gmt":"2025-12-09T19:00:46","guid":{"rendered":"https:\/\/qiktours.com\/tours\/"},"modified":"2026-02-17T12:40:39","modified_gmt":"2026-02-17T12:40:39","slug":"tours","status":"publish","type":"page","link":"https:\/\/qiktours.com\/es\/tours\/","title":{"rendered":"Tours"},"content":{"rendered":"\t\t<div data-elementor-type=\"wp-page\" data-elementor-id=\"2218\" class=\"elementor elementor-2218 elementor-1718\" data-elementor-post-type=\"page\">\n\t\t\t\t<div class=\"elementor-element elementor-element-bdcc21f e-con-full e-flex e-con e-parent\" data-id=\"bdcc21f\" data-element_type=\"container\" data-settings=\"{&quot;background_background&quot;:&quot;classic&quot;}\">\n\t\t\t\t<div class=\"elementor-element elementor-element-5ca31e2 elementor-widget elementor-widget-heading\" data-id=\"5ca31e2\" data-element_type=\"widget\" data-widget_type=\"heading.default\">\n\t\t\t\t\t<h1 class=\"elementor-heading-title elementor-size-default\">Descubre la ciudad con QIK Tours<\/h1>\t\t\t\t<\/div>\n\t\t\t\t<\/div>\n\t\t<div class=\"elementor-element elementor-element-9e7362c e-flex e-con-boxed e-con e-parent\" data-id=\"9e7362c\" data-element_type=\"container\">\n\t\t\t\t\t<div class=\"e-con-inner\">\n\t\t\t\t<div class=\"elementor-element elementor-element-11a640b elementor-widget-divider--view-line elementor-widget elementor-widget-divider\" data-id=\"11a640b\" data-element_type=\"widget\" data-widget_type=\"divider.default\">\n\t\t\t\t\t\t\t<div class=\"elementor-divider\">\n\t\t\t<span class=\"elementor-divider-separator\">\n\t\t\t\t\t\t<\/span>\n\t\t<\/div>\n\t\t\t\t\t\t<\/div>\n\t\t\t\t<div class=\"elementor-element elementor-element-0da7010 elementor-widget elementor-widget-heading\" data-id=\"0da7010\" data-element_type=\"widget\" data-widget_type=\"heading.default\">\n\t\t\t\t\t<h2 class=\"elementor-heading-title elementor-size-default\">Nuestros tours<\/h2>\t\t\t\t<\/div>\n\t\t\t\t<div class=\"elementor-element elementor-element-2f865a6 elementor-widget elementor-widget-text-editor\" data-id=\"2f865a6\" data-element_type=\"widget\" data-widget_type=\"text-editor.default\">\n\t\t\t\t\t\t\t\t\t<p>\u00a1Descubre la ciudad con Qik Tours! Ofrecemos visitas guiadas en bicicletas y scooters el\u00e9ctricos, una forma divertida y ecol\u00f3gica de explorar. Tambi\u00e9n se pueden alquilar para aquellos que prefieren moverse libremente. \u00bfBuscas una experiencia \u00fanica? Creamos tours personalizados para grupos y familias. \u00a1Reserva hoy mismo tu aventura online!<\/p>\t\t\t\t\t\t\t\t<\/div>\n\t\t<div class=\"elementor-element elementor-element-0adc6e5 e-con-full e-grid e-con e-child\" data-id=\"0adc6e5\" data-element_type=\"container\">\n\t\t<div class=\"elementor-element elementor-element-86a4529 e-con-full e-flex e-con e-child\" data-id=\"86a4529\" data-element_type=\"container\">\n\t\t\t\t<div class=\"elementor-element elementor-element-a9f96bf elementor-widget elementor-widget-image\" data-id=\"a9f96bf\" data-element_type=\"widget\" data-widget_type=\"image.default\">\n\t\t\t\t\t\t\t\t\t\t\t\t\t\t\t<img fetchpriority=\"high\" decoding=\"async\" width=\"562\" height=\"398\" src=\"https:\/\/qiktours.com\/wp-content\/uploads\/2025\/12\/qik-green-tour1.jpg\" class=\"attachment-large size-large wp-image-2804\" alt=\"Parques y monumentos de Madrid\" srcset=\"https:\/\/qiktours.com\/wp-content\/uploads\/2025\/12\/qik-green-tour1.jpg 562w, https:\/\/qiktours.com\/wp-content\/uploads\/2025\/12\/qik-green-tour1-300x212.jpg 300w\" sizes=\"(max-width: 562px) 100vw, 562px\" title=\"Tours\">\t\t\t\t\t\t\t\t\t\t\t\t\t\t\t<\/div>\n\t\t\t\t<div class=\"elementor-element elementor-element-477cdca elementor-widget elementor-widget-heading\" data-id=\"477cdca\" data-element_type=\"widget\" data-widget_type=\"heading.default\">\n\t\t\t\t\t<h3 class=\"elementor-heading-title elementor-size-default\">Green Madrid Tour (Parques\/Monumentos)<\/h3>\t\t\t\t<\/div>\n\t\t\t\t<div class=\"elementor-element elementor-element-9e2477b elementor-widget elementor-widget-text-editor\" data-id=\"9e2477b\" data-element_type=\"widget\" data-widget_type=\"text-editor.default\">\n\t\t\t\t\t\t\t\t\t<header class=\"VLKGO y\"><div class=\"NxKBB\"><div class=\"alPVI eNNhq PgLKC tnGGX\"><div class=\"ATCbm MH\"><div class=\"XfVdV o AIbhI\"><strong>Tour en bicicleta el\u00e9ctrica &#8211; 2 h 30m &#8211; 34,90\u20ac\/adulto<br><\/strong><\/div><\/div><\/div><\/div><\/header><div class=\"dxkoL y dAGam\"><div class=\"NxKBB BKifx y\"><div class=\"alPVI eNNhq PgLKC tnGGX yzLvM\"><div class=\"bgrcm f v K sMJlE qDvJZ iWYOe ZvGjB\"> <\/div><div class=\"bRMrl _Y K fOSqw\"><div class=\"biGQs _P VImYz ZNjnF\"><p>\u00a1Descubre los tesoros ocultos y los lugares emblem\u00e1ticos de Madrid en nuestro emocionante tour!<\/p><p>Cancelaci\u00f3n gratuita<\/p><\/div><\/div><\/div><\/div><\/div>\t\t\t\t\t\t\t\t<\/div>\n\t\t\t\t<div class=\"elementor-element elementor-element-4f1620c elementor-align-center elementor-widget elementor-widget-button\" data-id=\"4f1620c\" data-element_type=\"widget\" data-widget_type=\"button.default\">\n\t\t\t\t\t\t\t\t\t\t<a class=\"elementor-button elementor-button-link elementor-size-sm\" href=\"https:\/\/qiktours.com\/es\/tours\/parques-y-monumentos-de-madrid\/\">\n\t\t\t\t\t\t<span class=\"elementor-button-content-wrapper\">\n\t\t\t\t\t\t\t\t\t<span class=\"elementor-button-text\">\u00a1RESERVA TU TOUR VERDE AHORA!<\/span>\n\t\t\t\t\t<\/span>\n\t\t\t\t\t<\/a>\n\t\t\t\t\t\t\t\t<\/div>\n\t\t\t\t<div class=\"elementor-element elementor-element-91d02ea elementor-widget-divider--view-line elementor-widget elementor-widget-divider\" data-id=\"91d02ea\" data-element_type=\"widget\" data-widget_type=\"divider.default\">\n\t\t\t\t\t\t\t<div class=\"elementor-divider\">\n\t\t\t<span class=\"elementor-divider-separator\">\n\t\t\t\t\t\t<\/span>\n\t\t<\/div>\n\t\t\t\t\t\t<\/div>\n\t\t\t\t<\/div>\n\t\t<div class=\"elementor-element elementor-element-5d207df e-con-full e-flex e-con e-child\" data-id=\"5d207df\" data-element_type=\"container\">\n\t\t\t\t<div class=\"elementor-element elementor-element-0a60f37 elementor-widget elementor-widget-image\" data-id=\"0a60f37\" data-element_type=\"widget\" data-widget_type=\"image.default\">\n\t\t\t\t\t\t\t\t\t\t\t\t\t\t\t<img decoding=\"async\" width=\"562\" height=\"398\" src=\"https:\/\/qiktours.com\/wp-content\/uploads\/2025\/12\/qik-charming.jpg\" class=\"attachment-large size-large wp-image-2287\" alt=\"qik charming\" srcset=\"https:\/\/qiktours.com\/wp-content\/uploads\/2025\/12\/qik-charming.jpg 562w, https:\/\/qiktours.com\/wp-content\/uploads\/2025\/12\/qik-charming-300x212.jpg 300w\" sizes=\"(max-width: 562px) 100vw, 562px\" title=\"Tours\">\t\t\t\t\t\t\t\t\t\t\t\t\t\t\t<\/div>\n\t\t\t\t<div class=\"elementor-element elementor-element-fcbd795 elementor-widget elementor-widget-heading\" data-id=\"fcbd795\" data-element_type=\"widget\" data-widget_type=\"heading.default\">\n\t\t\t\t\t<h3 class=\"elementor-heading-title elementor-size-default\">Encantador tour en bicicleta el\u00e9ctrica por Madrid<\/h3>\t\t\t\t<\/div>\n\t\t\t\t<div class=\"elementor-element elementor-element-3f80e59 elementor-widget elementor-widget-text-editor\" data-id=\"3f80e59\" data-element_type=\"widget\" data-widget_type=\"text-editor.default\">\n\t\t\t\t\t\t\t\t\t<header class=\"VLKGO y\"><div class=\"NxKBB\"><div class=\"alPVI eNNhq PgLKC tnGGX\"><div class=\"ATCbm MH\"><div class=\"XfVdV o AIbhI\"><strong>Recorridos en bicicleta el\u00e9ctrica \u2013 2 h 30 m \u2013 34,90 \u20ac \/ adulto<\/strong><\/div><\/div><\/div><\/div><\/header><div class=\"dxkoL y dAGam\"><div class=\"NxKBB BKifx y\"><div class=\"alPVI eNNhq PgLKC tnGGX yzLvM\"><div class=\"bgrcm f v K sMJlE qDvJZ iWYOe ZvGjB\"> <\/div><div class=\"bRMrl _Y K fOSqw\"><div class=\"biGQs _P VImYz ZNjnF\"><p>Emb\u00e1rcate en una aventura \u00fanica y descubre Madrid de una forma ecol\u00f3gica y divertida con nuestro recorrido.<\/p><p>Cancelaci\u00f3n gratuita<\/p><\/div><\/div><\/div><\/div><\/div>\t\t\t\t\t\t\t\t<\/div>\n\t\t\t\t<div class=\"elementor-element elementor-element-f76e3c6 elementor-align-center elementor-widget elementor-widget-button\" data-id=\"f76e3c6\" data-element_type=\"widget\" data-widget_type=\"button.default\">\n\t\t\t\t\t\t\t\t\t\t<a class=\"elementor-button elementor-button-link elementor-size-sm\" href=\"https:\/\/qiktours.com\/es\/tours\/tour-en-bicicleta-electrica-por-el-madrid-con-encanto\/\">\n\t\t\t\t\t\t<span class=\"elementor-button-content-wrapper\">\n\t\t\t\t\t\t\t\t\t<span class=\"elementor-button-text\">\u00a1RESERVA AHORA TU TOUR CON ENCANTO!<\/span>\n\t\t\t\t\t<\/span>\n\t\t\t\t\t<\/a>\n\t\t\t\t\t\t\t\t<\/div>\n\t\t\t\t<div class=\"elementor-element elementor-element-2e9c83c elementor-widget-divider--view-line elementor-widget elementor-widget-divider\" data-id=\"2e9c83c\" data-element_type=\"widget\" data-widget_type=\"divider.default\">\n\t\t\t\t\t\t\t<div class=\"elementor-divider\">\n\t\t\t<span class=\"elementor-divider-separator\">\n\t\t\t\t\t\t<\/span>\n\t\t<\/div>\n\t\t\t\t\t\t<\/div>\n\t\t\t\t<\/div>\n\t\t\t\t<\/div>\n\t\t\t\t\t<\/div>\n\t\t\t\t<\/div>\n\t\t<div class=\"elementor-element elementor-element-6a3ed8c e-flex e-con-boxed e-con e-parent\" data-id=\"6a3ed8c\" data-element_type=\"container\">\n\t\t\t\t\t<div class=\"e-con-inner\">\n\t\t\t\t<div class=\"elementor-element elementor-element-cf739b7 elementor-widget elementor-widget-heading\" data-id=\"cf739b7\" data-element_type=\"widget\" data-widget_type=\"heading.default\">\n\t\t\t\t\t<h2 class=\"elementor-heading-title elementor-size-default\">Otros servicios de QIK<\/h2>\t\t\t\t<\/div>\n\t\t\t\t<div class=\"elementor-element elementor-element-655725c elementor-widget elementor-widget-text-editor\" data-id=\"655725c\" data-element_type=\"widget\" data-widget_type=\"text-editor.default\">\n\t\t\t\t\t\t\t\t\t<h4><b><a href=\"https:\/\/qiktours.com\/es\/alquiler-de-bicicletas-y-patinetes-electricos\/\">QIK Rental<\/a><\/b> | <b><a href=\"https:\/\/qiktours.com\/es\/consigna-de-equipaje-en-madrid-qik-storage\/\">QIK Storage<\/a><\/b> | <b><a href=\"https:\/\/qiktours.com\/es\/taller-de-patinetes-y-bicicletas-electricas-en-madrid\/\">QIK Workshop<\/a><\/b> | <b><a href=\"https:\/\/qiktours.com\/es\/qik-corporate-movilidad-electrica-y-team-building-para-empresas-en-madrid\/\">QIK Corporate<\/a><\/b> | <b><a href=\"https:\/\/qiktours.com\/es\/alquiler-de-bicicletas-electricas-para-riders-en-madrid-qikride\/\">QIK Raiders<\/a><\/b><\/h4>\t\t\t\t\t\t\t\t<\/div>\n\t\t\t\t\t<\/div>\n\t\t\t\t<\/div>\n\t\t<div class=\"elementor-element elementor-element-f1007b9 e-con-full e-flex e-con e-parent\" data-id=\"f1007b9\" data-element_type=\"container\" data-settings=\"{&quot;background_background&quot;:&quot;classic&quot;}\">\n\t\t\t\t<div class=\"elementor-element elementor-element-20d8606 elementor-widget elementor-widget-heading\" data-id=\"20d8606\" data-element_type=\"widget\" data-widget_type=\"heading.default\">\n\t\t\t\t\t<h2 class=\"elementor-heading-title elementor-size-default\">Aprovecha al m\u00e1ximo tu tiempo en Madrid<\/h2>\t\t\t\t<\/div>\n\t\t\t\t<div class=\"elementor-element elementor-element-df3e5e9 elementor-widget elementor-widget-text-editor\" data-id=\"df3e5e9\" data-element_type=\"widget\" data-widget_type=\"text-editor.default\">\n\t\t\t\t\t\t\t\t\t<p data-start=\"3412\" data-end=\"3499\">Explora m\u00e1s. Pasea con facilidad. Disfruta de cada minuto.  <\/p>\t\t\t\t\t\t\t\t<\/div>\n\t\t\t\t<div class=\"elementor-element elementor-element-c3157e0 elementor-widget elementor-widget-button\" data-id=\"c3157e0\" data-element_type=\"widget\" data-widget_type=\"button.default\">\n\t\t\t\t\t\t\t\t\t\t<a class=\"elementor-button elementor-button-link elementor-size-sm\" href=\"\/rental\/\">\n\t\t\t\t\t\t<span class=\"elementor-button-content-wrapper\">\n\t\t\t\t\t\t\t\t\t<span class=\"elementor-button-text\">\u00a1ALQUILA TU BICI HOY!<\/span>\n\t\t\t\t\t<\/span>\n\t\t\t\t\t<\/a>\n\t\t\t\t\t\t\t\t<\/div>\n\t\t\t\t<\/div>\n\t\t\t\t<\/div>\n\t\t","protected":false},"excerpt":{"rendered":"<p>Descubre la ciudad con QIK Tours Nuestros tours \u00a1Descubre la ciudad con Qik Tours! Ofrecemos visitas guiadas en bicicletas y [&hellip;]<\/p>\n","protected":false},"author":11,"featured_media":0,"parent":0,"menu_order":0,"comment_status":"closed","ping_status":"closed","template":"","meta":{"_uag_custom_page_level_css":"","site-sidebar-layout":"default","site-content-layout":"","ast-site-content-layout":"default","site-content-style":"default","site-sidebar-style":"default","ast-global-header-display":"","ast-banner-title-visibility":"","ast-main-header-display":"","ast-hfb-above-header-display":"","ast-hfb-below-header-display":"","ast-hfb-mobile-header-display":"","site-post-title":"disabled","ast-breadcrumbs-content":"","ast-featured-img":"","footer-sml-layout":"","ast-disable-related-posts":"","theme-transparent-header-meta":"","adv-header-id-meta":"","stick-header-meta":"","header-above-stick-meta":"","header-main-stick-meta":"","header-below-stick-meta":"","astra-migrate-meta-layouts":"default","ast-page-background-enabled":"default","ast-page-background-meta":{"desktop":{"background-color":"var(--ast-global-color-4)","background-image":"","background-repeat":"repeat","background-position":"center center","background-size":"auto","background-attachment":"scroll","background-type":"","background-media":"","overlay-type":"","overlay-color":"","overlay-opacity":"","overlay-gradient":""},"tablet":{"background-color":"","background-image":"","background-repeat":"repeat","background-position":"center center","background-size":"auto","background-attachment":"scroll","background-type":"","background-media":"","overlay-type":"","overlay-color":"","overlay-opacity":"","overlay-gradient":""},"mobile":{"background-color":"","background-image":"","background-repeat":"repeat","background-position":"center center","background-size":"auto","background-attachment":"scroll","background-type":"","background-media":"","overlay-type":"","overlay-color":"","overlay-opacity":"","overlay-gradient":""}},"ast-content-background-meta":{"desktop":{"background-color":"var(--ast-global-color-5)","background-image":"","background-repeat":"repeat","background-position":"center center","background-size":"auto","background-attachment":"scroll","background-type":"","background-media":"","overlay-type":"","overlay-color":"","overlay-opacity":"","overlay-gradient":""},"tablet":{"background-color":"var(--ast-global-color-5)","background-image":"","background-repeat":"repeat","background-position":"center center","background-size":"auto","background-attachment":"scroll","background-type":"","background-media":"","overlay-type":"","overlay-color":"","overlay-opacity":"","overlay-gradient":""},"mobile":{"background-color":"var(--ast-global-color-5)","background-image":"","background-repeat":"repeat","background-position":"center center","background-size":"auto","background-attachment":"scroll","background-type":"","background-media":"","overlay-type":"","overlay-color":"","overlay-opacity":"","overlay-gradient":""}},"footnotes":""},"class_list":["post-2218","page","type-page","status-publish","hentry"],"uagb_featured_image_src":{"full":false,"thumbnail":false,"medium":false,"medium_large":false,"large":false,"1536x1536":false,"2048x2048":false},"uagb_author_info":{"display_name":"Daniel Sanchez Mateos","author_link":"https:\/\/qiktours.com\/es\/author\/daniel-sanchez\/"},"uagb_comment_info":0,"uagb_excerpt":"Descubre la ciudad con QIK Tours Nuestros tours \u00a1Descubre la ciudad con Qik Tours! Ofrecemos visitas guiadas en bicicletas y [&hellip;]","jetpack_sharing_enabled":true,"_links":{"self":[{"href":"https:\/\/qiktours.com\/es\/wp-json\/wp\/v2\/pages\/2218","targetHints":{"allow":["GET"]}}],"collection":[{"href":"https:\/\/qiktours.com\/es\/wp-json\/wp\/v2\/pages"}],"about":[{"href":"https:\/\/qiktours.com\/es\/wp-json\/wp\/v2\/types\/page"}],"author":[{"embeddable":true,"href":"https:\/\/qiktours.com\/es\/wp-json\/wp\/v2\/users\/11"}],"replies":[{"embeddable":true,"href":"https:\/\/qiktours.com\/es\/wp-json\/wp\/v2\/comments?post=2218"}],"version-history":[{"count":47,"href":"https:\/\/qiktours.com\/es\/wp-json\/wp\/v2\/pages\/2218\/revisions"}],"predecessor-version":[{"id":3478,"href":"https:\/\/qiktours.com\/es\/wp-json\/wp\/v2\/pages\/2218\/revisions\/3478"}],"wp:attachment":[{"href":"https:\/\/qiktours.com\/es\/wp-json\/wp\/v2\/media?parent=2218"}],"curies":[{"name":"wp","href":"https:\/\/api.w.org\/{rel}","templated":true}]}}