{"id":2515,"date":"2025-12-19T18:07:52","date_gmt":"2025-12-19T18:07:52","guid":{"rendered":"https:\/\/qiktours.com\/tours\/servicios\/"},"modified":"2026-02-17T19:57:21","modified_gmt":"2026-02-17T19:57:21","slug":"alquiler-de-bicicletas-y-patinetes-electricos","status":"publish","type":"page","link":"https:\/\/qiktours.com\/es\/alquiler-de-bicicletas-y-patinetes-electricos\/","title":{"rendered":"Servicios de alquiler"},"content":{"rendered":"\t\t<div data-elementor-type=\"wp-page\" data-elementor-id=\"2515\" class=\"elementor elementor-2515 elementor-2463\" data-elementor-post-type=\"page\">\n\t\t\t\t<div class=\"elementor-element elementor-element-bdcc21f e-con-full e-flex e-con e-parent\" data-id=\"bdcc21f\" data-element_type=\"container\" data-settings=\"{&quot;background_background&quot;:&quot;classic&quot;}\">\n\t\t\t\t<div class=\"elementor-element elementor-element-5ca31e2 elementor-widget elementor-widget-heading\" data-id=\"5ca31e2\" data-element_type=\"widget\" data-widget_type=\"heading.default\">\n\t\t\t\t\t<h1 class=\"elementor-heading-title elementor-size-default\">Descubre los servicios de alquiler<br>de QIK Tours<\/h1>\t\t\t\t<\/div>\n\t\t\t\t<\/div>\n\t\t<div class=\"elementor-element elementor-element-9e7362c e-flex e-con-boxed e-con e-parent\" data-id=\"9e7362c\" data-element_type=\"container\">\n\t\t\t\t\t<div class=\"e-con-inner\">\n\t\t\t\t<div class=\"elementor-element elementor-element-11a640b elementor-widget-divider--view-line elementor-widget elementor-widget-divider\" data-id=\"11a640b\" data-element_type=\"widget\" data-widget_type=\"divider.default\">\n\t\t\t\t\t\t\t<div class=\"elementor-divider\">\n\t\t\t<span class=\"elementor-divider-separator\">\n\t\t\t\t\t\t<\/span>\n\t\t<\/div>\n\t\t\t\t\t\t<\/div>\n\t\t\t\t<div class=\"elementor-element elementor-element-0da7010 elementor-widget elementor-widget-heading\" data-id=\"0da7010\" data-element_type=\"widget\" data-widget_type=\"heading.default\">\n\t\t\t\t\t<h2 class=\"elementor-heading-title elementor-size-default\">Alquiler de E-Bikes y patinetes en Madrid<\/h2>\t\t\t\t<\/div>\n\t\t\t\t<div class=\"elementor-element elementor-element-2f865a6 elementor-widget elementor-widget-text-editor\" data-id=\"2f865a6\" data-element_type=\"widget\" data-widget_type=\"text-editor.default\">\n\t\t\t\t\t\t\t\t\t<p>\u00a1Descubre la ciudad con Qik Tours! Ofrecemos visitas guiadas en bicicletas y scooters el\u00e9ctricos, una forma divertida y ecol\u00f3gica de explorar. Tambi\u00e9n se pueden alquilar para aquellos que prefieren moverse libremente. \u00bfBuscas una experiencia \u00fanica? Creamos tours personalizados para grupos y familias. \u00a1Reserva hoy mismo tu aventura online!<\/p>\t\t\t\t\t\t\t\t<\/div>\n\t\t<div class=\"elementor-element elementor-element-0adc6e5 e-con-full e-grid e-con e-child\" data-id=\"0adc6e5\" data-element_type=\"container\">\n\t\t<div class=\"elementor-element elementor-element-b363b9a e-con-full e-flex e-con e-child\" data-id=\"b363b9a\" data-element_type=\"container\" data-settings=\"{&quot;background_background&quot;:&quot;classic&quot;}\">\n\t\t\t\t<div class=\"elementor-element elementor-element-5d6bbcf elementor-widget elementor-widget-image\" data-id=\"5d6bbcf\" data-element_type=\"widget\" data-widget_type=\"image.default\">\n\t\t\t\t\t\t\t\t\t\t\t\t\t\t\t<img fetchpriority=\"high\" decoding=\"async\" width=\"557\" height=\"392\" src=\"https:\/\/qiktours.com\/wp-content\/uploads\/2025\/12\/qik-bike-rentals-1.jpg\" class=\"attachment-large size-large wp-image-2513\" alt=\"Alquiler de e-Bikes en Madrid\" srcset=\"https:\/\/qiktours.com\/wp-content\/uploads\/2025\/12\/qik-bike-rentals-1.jpg 557w, https:\/\/qiktours.com\/wp-content\/uploads\/2025\/12\/qik-bike-rentals-1-300x211.jpg 300w\" sizes=\"(max-width: 557px) 100vw, 557px\" title=\"Servicios de alquiler\">\t\t\t\t\t\t\t\t\t\t\t\t\t\t\t<\/div>\n\t\t\t\t<div class=\"elementor-element elementor-element-155e5b8 elementor-widget elementor-widget-heading\" data-id=\"155e5b8\" data-element_type=\"widget\" data-widget_type=\"heading.default\">\n\t\t\t\t\t<h3 class=\"elementor-heading-title elementor-size-default\">Alquiler de E-Bikes en Madrid<\/h3>\t\t\t\t<\/div>\n\t\t\t\t<div class=\"elementor-element elementor-element-e58c1ab elementor-widget elementor-widget-text-editor\" data-id=\"e58c1ab\" data-element_type=\"widget\" data-widget_type=\"text-editor.default\">\n\t\t\t\t\t\t\t\t\t<p>1 hora &#8211; 9,90\u20ac\/adulto<br>2 hora &#8211; 16,90\u20ac\/adulto<br>3 hora &#8211; 21,90\u20ac\/adulto<br>D\u00eda completo &#8211; 27,90\u20ac\/adulto<br>24 horas &#8211; 34,90\u20ac\/adulto<\/p><p>Descubre los lugares emblem\u00e1ticos de Madrid de forma divertida y pr\u00e1ctica con nuestro alquiler de bicis el\u00e9ctricas &#8211; \u00a1La manera m\u00e1s entretenida de explorar la ciudad!<\/p>\t\t\t\t\t\t\t\t<\/div>\n\t\t\t\t<div class=\"elementor-element elementor-element-b541af9 elementor-align-center elementor-widget elementor-widget-button\" data-id=\"b541af9\" data-element_type=\"widget\" data-widget_type=\"button.default\">\n\t\t\t\t\t\t\t\t\t\t<a class=\"elementor-button elementor-button-link elementor-size-sm\" href=\"https:\/\/qiktours.com\/es\/alquiler-de-bicicletas-y-patinetes-electricos\/alquiler-de-e-bike-en-madrid\/\">\n\t\t\t\t\t\t<span class=\"elementor-button-content-wrapper\">\n\t\t\t\t\t\t\t\t\t<span class=\"elementor-button-text\">ALQUILA TU E-BIKE<\/span>\n\t\t\t\t\t<\/span>\n\t\t\t\t\t<\/a>\n\t\t\t\t\t\t\t\t<\/div>\n\t\t\t\t<div class=\"elementor-element elementor-element-5e184fb elementor-widget-divider--view-line elementor-widget elementor-widget-divider\" data-id=\"5e184fb\" data-element_type=\"widget\" data-widget_type=\"divider.default\">\n\t\t\t\t\t\t\t<div class=\"elementor-divider\">\n\t\t\t<span class=\"elementor-divider-separator\">\n\t\t\t\t\t\t<\/span>\n\t\t<\/div>\n\t\t\t\t\t\t<\/div>\n\t\t\t\t<\/div>\n\t\t<div class=\"elementor-element elementor-element-86a4529 e-con-full e-flex e-con e-child\" data-id=\"86a4529\" data-element_type=\"container\">\n\t\t\t\t<div class=\"elementor-element elementor-element-a9f96bf elementor-widget elementor-widget-image\" data-id=\"a9f96bf\" data-element_type=\"widget\" data-widget_type=\"image.default\">\n\t\t\t\t\t\t\t\t\t\t\t\t\t\t\t<img decoding=\"async\" width=\"557\" height=\"392\" src=\"https:\/\/qiktours.com\/wp-content\/uploads\/2025\/12\/qik-scooterrentals.jpg\" class=\"attachment-large size-large wp-image-2514\" alt=\"Alquiler de patinete el\u00e9ctrico en Madrid\" srcset=\"https:\/\/qiktours.com\/wp-content\/uploads\/2025\/12\/qik-scooterrentals.jpg 557w, https:\/\/qiktours.com\/wp-content\/uploads\/2025\/12\/qik-scooterrentals-300x211.jpg 300w\" sizes=\"(max-width: 557px) 100vw, 557px\" title=\"Servicios de alquiler\">\t\t\t\t\t\t\t\t\t\t\t\t\t\t\t<\/div>\n\t\t\t\t<div class=\"elementor-element elementor-element-477cdca elementor-widget elementor-widget-heading\" data-id=\"477cdca\" data-element_type=\"widget\" data-widget_type=\"heading.default\">\n\t\t\t\t\t<h3 class=\"elementor-heading-title elementor-size-default\">Alquiler de patinete el\u00e9ctrico en Madrid<\/h3>\t\t\t\t<\/div>\n\t\t\t\t<div class=\"elementor-element elementor-element-9e2477b elementor-widget elementor-widget-text-editor\" data-id=\"9e2477b\" data-element_type=\"widget\" data-widget_type=\"text-editor.default\">\n\t\t\t\t\t\t\t\t\t<header class=\"VLKGO y\">\n<div class=\"NxKBB\">\n<div class=\"alPVI eNNhq PgLKC tnGGX\">\n<div class=\"ATCbm MH\">\n<div class=\"XfVdV o AIbhI\">1 hora &#8211; 11,90\u20ac\/adulto<br>2 hora &#8211; 17,90\u20ac\/adulto<br>3 hora &#8211; 23,90\u20ac\/adulto<br>D\u00eda completo &#8211; 29,90\u20ac\/adulto<br>24 horas &#8211; 33,90\u20ac\/adulto<\/div>\n<\/div>\n<\/div>\n<\/div>\n<\/header>\n<div class=\"dxkoL y dAGam\">\n<div class=\"NxKBB BKifx y\">\n<div class=\"alPVI eNNhq PgLKC tnGGX yzLvM\">\n<div class=\"bgrcm f v K sMJlE qDvJZ iWYOe ZvGjB\">&nbsp;<\/div>\n<div class=\"bRMrl _Y K fOSqw\">\n<div class=\"biGQs _P VImYz ZNjnF\">\n<p>\u00a1Vive la magia de Madrid con el viento en tu cabello! Alquila nuestros patinetes el\u00e9ctricos de alta gama y disfruta de la libertad de explorar a tu propio ritmo. <\/p>\n<\/div>\n<\/div>\n<\/div>\n<\/div>\n<\/div>\t\t\t\t\t\t\t\t<\/div>\n\t\t\t\t<div class=\"elementor-element elementor-element-ea3790e elementor-align-center elementor-widget elementor-widget-button\" data-id=\"ea3790e\" data-element_type=\"widget\" data-widget_type=\"button.default\">\n\t\t\t\t\t\t\t\t\t\t<a class=\"elementor-button elementor-button-link elementor-size-sm\" href=\"https:\/\/qiktours.com\/es\/alquiler-de-bicicletas-y-patinetes-electricos\/alquiler-de-patinete-electrico-en-madrid\/\">\n\t\t\t\t\t\t<span class=\"elementor-button-content-wrapper\">\n\t\t\t\t\t\t\t\t\t<span class=\"elementor-button-text\">ALQUILA TU PATINETE<\/span>\n\t\t\t\t\t<\/span>\n\t\t\t\t\t<\/a>\n\t\t\t\t\t\t\t\t<\/div>\n\t\t\t\t<div class=\"elementor-element elementor-element-91d02ea elementor-widget-divider--view-line elementor-widget elementor-widget-divider\" data-id=\"91d02ea\" data-element_type=\"widget\" data-widget_type=\"divider.default\">\n\t\t\t\t\t\t\t<div class=\"elementor-divider\">\n\t\t\t<span class=\"elementor-divider-separator\">\n\t\t\t\t\t\t<\/span>\n\t\t<\/div>\n\t\t\t\t\t\t<\/div>\n\t\t\t\t<\/div>\n\t\t\t\t<\/div>\n\t\t\t\t\t<\/div>\n\t\t\t\t<\/div>\n\t\t<div class=\"elementor-element elementor-element-6a3ed8c e-flex e-con-boxed e-con e-parent\" data-id=\"6a3ed8c\" data-element_type=\"container\">\n\t\t\t\t\t<div class=\"e-con-inner\">\n\t\t\t\t<div class=\"elementor-element elementor-element-f8671fc elementor-widget elementor-widget-heading\" data-id=\"f8671fc\" data-element_type=\"widget\" data-widget_type=\"heading.default\">\n\t\t\t\t\t<h2 class=\"elementor-heading-title elementor-size-default\">Otros servicios de QIK<\/h2>\t\t\t\t<\/div>\n\t\t\t\t<div class=\"elementor-element elementor-element-1300dad elementor-widget elementor-widget-text-editor\" data-id=\"1300dad\" data-element_type=\"widget\" data-widget_type=\"text-editor.default\">\n\t\t\t\t\t\t\t\t\t<h4><b><a href=\"https:\/\/qiktours.com\/es\/consigna-de-equipaje-en-madrid-qik-storage\/\">QIK Storage<\/a><\/b> | <b><a href=\"https:\/\/qiktours.com\/es\/tours\/\">QIK Tours<\/a><\/b> | <b><a href=\"https:\/\/qiktours.com\/es\/taller-de-patinetes-y-bicicletas-electricas-en-madrid\/\">QIK Workshop<\/a><\/b> | <b><a href=\"https:\/\/qiktours.com\/es\/qik-corporate-movilidad-electrica-y-team-building-para-empresas-en-madrid\/\">QIK Corporate<\/a><\/b> | <b><a href=\"https:\/\/qiktours.com\/es\/alquiler-de-bicicletas-electricas-para-riders-en-madrid-qikride\/\">QIK Raiders<\/a><\/b><\/h4>\t\t\t\t\t\t\t\t<\/div>\n\t\t\t\t\t<\/div>\n\t\t\t\t<\/div>\n\t\t<div class=\"elementor-element elementor-element-8f93b41 e-con-full e-flex e-con e-parent\" data-id=\"8f93b41\" data-element_type=\"container\" data-settings=\"{&quot;background_background&quot;:&quot;classic&quot;}\">\n\t\t\t\t<div class=\"elementor-element elementor-element-8ddbf5e elementor-widget elementor-widget-heading\" data-id=\"8ddbf5e\" data-element_type=\"widget\" data-widget_type=\"heading.default\">\n\t\t\t\t\t<h2 class=\"elementor-heading-title elementor-size-default\">Aprovecha al m\u00e1ximo tu tiempo en Madrid<\/h2>\t\t\t\t<\/div>\n\t\t\t\t<div class=\"elementor-element elementor-element-4306418 elementor-widget elementor-widget-text-editor\" data-id=\"4306418\" data-element_type=\"widget\" data-widget_type=\"text-editor.default\">\n\t\t\t\t\t\t\t\t\t<p data-start=\"3412\" data-end=\"3499\">Explora m\u00e1s. Pasea con facilidad. Disfruta de cada minuto.  <\/p>\t\t\t\t\t\t\t\t<\/div>\n\t\t\t\t<div class=\"elementor-element elementor-element-7b6c1b6 elementor-widget elementor-widget-button\" data-id=\"7b6c1b6\" data-element_type=\"widget\" data-widget_type=\"button.default\">\n\t\t\t\t\t\t\t\t\t\t<a class=\"elementor-button elementor-button-link elementor-size-sm\" href=\"https:\/\/qiktours.com\/es\/alquiler-de-bicicletas-y-patinetes-electricos\/\">\n\t\t\t\t\t\t<span class=\"elementor-button-content-wrapper\">\n\t\t\t\t\t\t\t\t\t<span class=\"elementor-button-text\">\u00a1ALQUILA TU BICI HOY!<\/span>\n\t\t\t\t\t<\/span>\n\t\t\t\t\t<\/a>\n\t\t\t\t\t\t\t\t<\/div>\n\t\t\t\t<\/div>\n\t\t\t\t<\/div>\n\t\t","protected":false},"excerpt":{"rendered":"<p>Descubre los servicios de alquilerde QIK Tours Alquiler de E-Bikes y patinetes en Madrid \u00a1Descubre la ciudad con Qik Tours! [&hellip;]<\/p>\n","protected":false},"author":10,"featured_media":0,"parent":0,"menu_order":0,"comment_status":"closed","ping_status":"closed","template":"","meta":{"_uag_custom_page_level_css":"","site-sidebar-layout":"default","site-content-layout":"","ast-site-content-layout":"default","site-content-style":"default","site-sidebar-style":"default","ast-global-header-display":"","ast-banner-title-visibility":"","ast-main-header-display":"","ast-hfb-above-header-display":"","ast-hfb-below-header-display":"","ast-hfb-mobile-header-display":"","site-post-title":"disabled","ast-breadcrumbs-content":"","ast-featured-img":"","footer-sml-layout":"","ast-disable-related-posts":"","theme-transparent-header-meta":"","adv-header-id-meta":"","stick-header-meta":"","header-above-stick-meta":"","header-main-stick-meta":"","header-below-stick-meta":"","astra-migrate-meta-layouts":"default","ast-page-background-enabled":"default","ast-page-background-meta":{"desktop":{"background-color":"var(--ast-global-color-4)","background-image":"","background-repeat":"repeat","background-position":"center center","background-size":"auto","background-attachment":"scroll","background-type":"","background-media":"","overlay-type":"","overlay-color":"","overlay-opacity":"","overlay-gradient":""},"tablet":{"background-color":"","background-image":"","background-repeat":"repeat","background-position":"center center","background-size":"auto","background-attachment":"scroll","background-type":"","background-media":"","overlay-type":"","overlay-color":"","overlay-opacity":"","overlay-gradient":""},"mobile":{"background-color":"","background-image":"","background-repeat":"repeat","background-position":"center center","background-size":"auto","background-attachment":"scroll","background-type":"","background-media":"","overlay-type":"","overlay-color":"","overlay-opacity":"","overlay-gradient":""}},"ast-content-background-meta":{"desktop":{"background-color":"var(--ast-global-color-5)","background-image":"","background-repeat":"repeat","background-position":"center center","background-size":"auto","background-attachment":"scroll","background-type":"","background-media":"","overlay-type":"","overlay-color":"","overlay-opacity":"","overlay-gradient":""},"tablet":{"background-color":"var(--ast-global-color-5)","background-image":"","background-repeat":"repeat","background-position":"center center","background-size":"auto","background-attachment":"scroll","background-type":"","background-media":"","overlay-type":"","overlay-color":"","overlay-opacity":"","overlay-gradient":""},"mobile":{"background-color":"var(--ast-global-color-5)","background-image":"","background-repeat":"repeat","background-position":"center center","background-size":"auto","background-attachment":"scroll","background-type":"","background-media":"","overlay-type":"","overlay-color":"","overlay-opacity":"","overlay-gradient":""}},"footnotes":""},"class_list":["post-2515","page","type-page","status-publish","hentry"],"uagb_featured_image_src":{"full":false,"thumbnail":false,"medium":false,"medium_large":false,"large":false,"1536x1536":false,"2048x2048":false},"uagb_author_info":{"display_name":"daniel.sanchez","author_link":"https:\/\/qiktours.com\/es\/author\/kdybsmkauslr\/"},"uagb_comment_info":0,"uagb_excerpt":"Descubre los servicios de alquilerde QIK Tours Alquiler de E-Bikes y patinetes en Madrid \u00a1Descubre la ciudad con Qik Tours! [&hellip;]","jetpack_sharing_enabled":true,"_links":{"self":[{"href":"https:\/\/qiktours.com\/es\/wp-json\/wp\/v2\/pages\/2515","targetHints":{"allow":["GET"]}}],"collection":[{"href":"https:\/\/qiktours.com\/es\/wp-json\/wp\/v2\/pages"}],"about":[{"href":"https:\/\/qiktours.com\/es\/wp-json\/wp\/v2\/types\/page"}],"author":[{"embeddable":true,"href":"https:\/\/qiktours.com\/es\/wp-json\/wp\/v2\/users\/10"}],"replies":[{"embeddable":true,"href":"https:\/\/qiktours.com\/es\/wp-json\/wp\/v2\/comments?post=2515"}],"version-history":[{"count":33,"href":"https:\/\/qiktours.com\/es\/wp-json\/wp\/v2\/pages\/2515\/revisions"}],"predecessor-version":[{"id":3519,"href":"https:\/\/qiktours.com\/es\/wp-json\/wp\/v2\/pages\/2515\/revisions\/3519"}],"wp:attachment":[{"href":"https:\/\/qiktours.com\/es\/wp-json\/wp\/v2\/media?parent=2515"}],"curies":[{"name":"wp","href":"https:\/\/api.w.org\/{rel}","templated":true}]}}