{"id":2815,"date":"2025-12-28T16:20:49","date_gmt":"2025-12-28T16:20:49","guid":{"rendered":"https:\/\/qiktours.com\/tours\/parques-y-monumentos-de-madrid\/"},"modified":"2026-02-06T17:15:29","modified_gmt":"2026-02-06T17:15:29","slug":"parques-y-monumentos-de-madrid","status":"publish","type":"page","link":"https:\/\/qiktours.com\/es\/tours\/parques-y-monumentos-de-madrid\/","title":{"rendered":"Green Madrid Tour: Parques y monumentos"},"content":{"rendered":"\t\t<div data-elementor-type=\"wp-page\" data-elementor-id=\"2815\" class=\"elementor elementor-2815 elementor-2769\" data-elementor-post-type=\"page\">\n\t\t\t\t<div class=\"elementor-element elementor-element-f1afe3e e-flex e-con-boxed e-con e-parent\" data-id=\"f1afe3e\" data-element_type=\"container\" data-settings=\"{&quot;background_background&quot;:&quot;classic&quot;}\">\n\t\t\t\t\t<div class=\"e-con-inner\">\n\t\t\t\t<div class=\"elementor-element elementor-element-66a5a89 elementor-widget elementor-widget-heading\" data-id=\"66a5a89\" data-element_type=\"widget\" data-widget_type=\"heading.default\">\n\t\t\t\t\t<h1 class=\"elementor-heading-title elementor-size-default\">Green Madrid Tour por Madrid: Parques y monumentos<\/h1>\t\t\t\t<\/div>\n\t\t\t\t<div class=\"elementor-element elementor-element-2f4d68f elementor-widget elementor-widget-text-editor\" data-id=\"2f4d68f\" data-element_type=\"widget\" data-widget_type=\"text-editor.default\">\n\t\t\t\t\t\t\t\t\t<p>Green Madrid Tour: Parques y monumentos<\/p>\t\t\t\t\t\t\t\t<\/div>\n\t\t<div class=\"elementor-element elementor-element-54fdaa3 e-con-full e-flex e-con e-child\" data-id=\"54fdaa3\" data-element_type=\"container\">\n\t\t<div class=\"elementor-element elementor-element-b0730ff e-con-full e-flex e-con e-child\" data-id=\"b0730ff\" data-element_type=\"container\" data-settings=\"{&quot;background_background&quot;:&quot;classic&quot;}\">\n\t\t\t\t<\/div>\n\t\t<div class=\"elementor-element elementor-element-44cf31b e-con-full e-flex e-con e-child\" data-id=\"44cf31b\" data-element_type=\"container\">\n\t\t<div class=\"elementor-element elementor-element-931e7ae e-con-full e-flex e-con e-child\" data-id=\"931e7ae\" data-element_type=\"container\" data-settings=\"{&quot;background_background&quot;:&quot;classic&quot;}\">\n\t\t\t\t<\/div>\n\t\t<div class=\"elementor-element elementor-element-96fdd48 e-con-full e-flex e-con e-child\" data-id=\"96fdd48\" data-element_type=\"container\" data-settings=\"{&quot;background_background&quot;:&quot;classic&quot;}\">\n\t\t\t\t<\/div>\n\t\t\t\t<\/div>\n\t\t\t\t<\/div>\n\t\t\t\t\t<\/div>\n\t\t\t\t<\/div>\n\t\t<div class=\"elementor-element elementor-element-2d77409 e-flex e-con-boxed e-con e-parent\" data-id=\"2d77409\" data-element_type=\"container\">\n\t\t\t\t\t<div class=\"e-con-inner\">\n\t\t<div class=\"elementor-element elementor-element-050c657 e-con-full e-flex e-con e-child\" data-id=\"050c657\" data-element_type=\"container\">\n\t\t\t\t<div class=\"elementor-element elementor-element-1298456 elementor-widget elementor-widget-text-editor\" data-id=\"1298456\" data-element_type=\"widget\" data-widget_type=\"text-editor.default\">\n\t\t\t\t\t\t\t\t\t<h4 class=\"biGQs _P SewaP ezezH\"><strong>Acerca de<\/strong><\/h4><div class=\"biGQs _P VImYz roAGK AWdfh\"><div class=\"_T FKffI\"><div class=\"fIrGe _T bgMZj\"><div class=\"_d\"><p>\u00a1Descubre las joyas ocultas y los lugares emblem\u00e1ticos de Madrid en nuestro emocionante Green Madrid E-Bike Tour! Desl\u00edzate sin esfuerzo por exuberantes parques y lugares hist\u00f3ricos en bicicletas el\u00e9ctricas de \u00faltima generaci\u00f3n. <\/p><p>\u00a1Reserva ahora para una aventura inolvidable y ecol\u00f3gica en Madrid!<\/p><ul><li>Reembolso completo si se cancela hasta 24 horas antes del inicio de la experiencia (hora local)<\/li><li>Reserva tu plaza manteniendo la flexibilidad.<\/li><\/ul><p>Edades de 15 a 100 a\u00f1os<br>Duraci\u00f3n: 150\u2013180 minutos<br>Hora de inicio: consulta la disponibilidad<br>Billete electr\u00f3nico<\/p><\/div><\/div><\/div><\/div>\t\t\t\t\t\t\t\t<\/div>\n\t\t<div class=\"elementor-element elementor-element-c4429e8 e-con-full e-flex e-con e-child\" data-id=\"c4429e8\" data-element_type=\"container\">\n\t\t\t\t<div class=\"elementor-element elementor-element-d00b307 elementor-widget elementor-widget-text-editor\" data-id=\"d00b307\" data-element_type=\"widget\" data-widget_type=\"text-editor.default\">\n\t\t\t\t\t\t\t\t\t<h4 class=\"biGQs _P SewaP mtnKn ezezH\"><strong>Servicios incluidos<\/strong><\/h4><div id=\":lithium-r1ha:\" class=\"NTEaH Mk UCUTD\"><div class=\"biGQs _P VImYz AWdfh\"><div class=\"tyUdl\"><ul><li>Alquiler de bicicletas<\/li><li>Casco<\/li><li><span style=\"font-size: 16px;\">Agua embotellada<\/span><\/li><\/ul><h4 class=\"biGQs _P SewaP mtnKn ezezH\"><strong>Qu\u00e9 esperar<\/strong><\/h4><p>\u00a1Descubre las joyas ocultas y los lugares emblem\u00e1ticos de Madrid en nuestro emocionante Green Madrid E-Bike Tour! Desl\u00edzate sin esfuerzo por exuberantes parques y lugares hist\u00f3ricos en bicicletas el\u00e9ctricas de \u00faltima generaci\u00f3n. <\/p><p><strong>Maravillas antiguas y prodigios modernos:<\/strong> Comienza tu viaje en el encantador Templo de Debod, un aut\u00e9ntico templo egipcio en el coraz\u00f3n de Madrid. Marav\u00edllate ante el Arco de Moncloa y sube al Faro de Moncloa para disfrutar de unas vistas impresionantes de la ciudad. <\/p><p><strong>Abraza la naturaleza en la jungla urbana:<\/strong> Pasea por el verde Parque del Oeste, hogar del majestuoso cedro del Atlas \u201cAbuelo\u201d. Experimenta la inmensidad de la Casa de Campo, el pulm\u00f3n verde de Madrid, y rel\u00e1jate junto a su sereno lago. <\/p><p><strong>Puentes de la historia:<\/strong> Cruza el hist\u00f3rico Puente de los Franceses, un testimonio del pasado resiliente de Madrid.<\/p><p><strong>Momentos dignos de Instagram:<\/strong> Captura la esencia de Madrid en el famoso letrero de \u201cMadrid\u201d con la escultura del oso y el madro\u00f1o. Encuadra la toma perfecta en la elegante Puerta de San Vicente. <\/p><p>Nuestros gu\u00edas expertos se asegurar\u00e1n de que no te pierdas ni una sola historia o secreto de los espacios verdes y el patrimonio monumental de Madrid. Con la facilidad de las bicicletas el\u00e9ctricas, cubrir\u00e1s m\u00e1s terreno y ver\u00e1s m\u00e1s lugares de lo que jam\u00e1s cre\u00edste posible. <\/p><p>Perfecto para amantes de la historia, amantes de la naturaleza y viajeros curiosos por igual. \u00a1Reserva ahora para una aventura inolvidable y ecol\u00f3gica en Madrid! <\/p><h4 class=\"biGQs _P SewaP mtnKn ezezH\"><strong>Reuni\u00f3n y recogida<\/strong><\/h4><p><strong>Inicio:<\/strong> C. de San Bartolom\u00e9, 9, Centro, 28004 Madrid, Espa\u00f1a<br>Tienda Qik Tours en la Calle San Bartolom\u00e9 9. En el barrio de Chueca <br><strong>Fin:<\/strong> Esta actividad finaliza en el punto de encuentro inicial.<\/p><h4 class=\"biGQs _P SewaP mtnKn ezezH\"><strong>Accesibilidad<\/strong><\/h4><ul><li>No accesible en silla de ruedas<\/li><li>Transporte p\u00fablico cercano<\/li><\/ul><p>Si tienes alguna pregunta sobre accesibilidad, estaremos encantados de ayudarte. Simplemente llama al siguiente n\u00famero: <a href=\"tel:34623742070\">+34 623 74 20 70<\/a> <\/p><h4 class=\"biGQs _P SewaP mtnKn ezezH\"><strong>Informaci\u00f3n Adicional<\/strong><\/h4><ul><li>La confirmaci\u00f3n se recibir\u00e1 en el momento de la reserva<\/li><li>No recomendado para viajeros con problemas de espalda<\/li><li>No recomendado para mujeres embarazadas<\/li><li>No apto para viajeros con afecciones card\u00edacas u otras afecciones m\u00e9dicas graves<\/li><li>La mayor\u00eda de los viajeros pueden participar en la experiencia<\/li><li>Debe haber un n\u00famero m\u00ednimo de viajeros para esta experiencia. Si se cancela porque no se alcanza el n\u00famero m\u00ednimo, se te ofrecer\u00e1 otra fecha u experiencia o un reembolso completo del importe pagado. <\/li><\/ul><\/div><\/div><\/div>\t\t\t\t\t\t\t\t<\/div>\n\t\t<div class=\"elementor-element elementor-element-1749265 e-con-full e-flex e-con e-child\" data-id=\"1749265\" data-element_type=\"container\">\n\t\t\t\t<div class=\"elementor-element elementor-element-2832925 elementor-widget elementor-widget-text-editor\" data-id=\"2832925\" data-element_type=\"widget\" data-widget_type=\"text-editor.default\">\n\t\t\t\t\t\t\t\t\t<dl><dt><\/dt><dd><div id=\":lithium-r1he:\" class=\"NTEaH Mk UCUTD\"><div class=\"biGQs _P VImYz AWdfh\"><div><div class=\"tyUdl\"><h4 class=\"biGQs _P SewaP mtnKn ezezH\"><strong>Pol\u00edtica de cancelaci\u00f3n<\/strong><\/h4><div id=\":lithium-r1hf:\" class=\"NTEaH Mk UCUTD\"><div class=\"biGQs _P VImYz AWdfh\"><div><div class=\"tyUdl\"><div class=\"biGQs _P VImYz AWdfh\"><ul><li>Para recibir un reembolso completo de la experiencia, debes cancelar al menos 24 horas antes de que comience.<\/li><li>Si cancelas la experiencia con menos de 24 horas antes de que comience, no se te reembolsar\u00e1 el importe.<\/li><li>No se aceptar\u00e1n cambios con menos de 24 horas antes de que comience la experiencia.<\/li><li>La hora l\u00edmite se basa en la hora local del lugar donde se realiza la experiencia.<\/li><li>Se requiere buen tiempo para que esta experiencia tenga lugar. Si se cancela debido al mal tiempo, se te ofrecer\u00e1 otra fecha o un reembolso completo del importe pagado. <\/li><li>Debe haber un n\u00famero m\u00ednimo de viajeros para esta experiencia. Si se cancela porque no se alcanza el n\u00famero m\u00ednimo, se te ofrecer\u00e1 otra fecha u experiencia o un reembolso completo del importe pagado. <\/li><li>This tour\/activity can accommodate a maximum of 15 travelers<\/li><\/ul><\/div><\/div><\/div><\/div><\/div><\/div><\/div><\/div><\/div><\/dd><\/dl>\t\t\t\t\t\t\t\t<\/div>\n\t\t\t\t<\/div>\n\t\t\t\t<\/div>\n\t\t\t\t<\/div>\n\t\t<div class=\"elementor-element elementor-element-5b913f5 e-con-full e-flex e-con e-child\" data-id=\"5b913f5\" data-element_type=\"container\">\n\t\t<div class=\"elementor-element elementor-element-a99d98f e-con-full e-flex e-con e-child\" data-id=\"a99d98f\" data-element_type=\"container\">\n\t\t\t\t<div class=\"elementor-element elementor-element-754f27b elementor-widget elementor-widget-text-editor\" data-id=\"754f27b\" data-element_type=\"widget\" data-widget_type=\"text-editor.default\">\n\t\t\t\t\t\t\t\t\t<div class=\"tyUdl\"><div class=\"biGQs _P SewaP uPlAb KeZJf\"><h4><strong><span style=\"font-size: 1rem;\">Desde 34,90 \u20ac\/adulto<\/span><\/strong><\/h4><\/div><\/div>\t\t\t\t\t\t\t\t<\/div>\n\t\t\t\t<div class=\"elementor-element elementor-element-e3c1651 elementor-widget elementor-widget-html\" data-id=\"e3c1651\" data-element_type=\"widget\" data-widget_type=\"html.default\">\n\t\t\t\t\t<script type=\"text\/javascript\" src=\"https:\/\/widgets.bokun.io\/assets\/javascripts\/apps\/build\/BokunWidgetsLoader.js?bookingChannelUUID=862d905a-ea44-44cf-8832-5dcf4a34a7f4\" async=\"\"><\/script>\r\n      <style>\r\n                    .bokun-wrapper {\r\n  text-align: center;\r\n}\r\n#bokun_dc0fe802_17d3_4c20_bad2_b266e9315b5d { display: inline-block; padding: 10px 20px; background: #61CE70; color: #FFFFFF; border-radius: 5px; box-shadow: none; font-weight: 600; font-size: 16px; text-decoration: none; text-align: center; color: #FFFFFF; border:none; cursor: pointer; transition: background .2s ease; } #bokun_dc0fe802_17d3_4c20_bad2_b266e9315b5d:hover{ background: #285726; } #bokun_dc0fe802_17d3_4c20_bad2_b266e9315b5d:active{ background: #30682e; } <\/style><div class=\"bokun-wrapper\"><button class=\"bokunButton\" disabled id=\"bokun_dc0fe802_17d3_4c20_bad2_b266e9315b5d\" data-src=\"https:\/\/widgets.bokun.io\/online-sales\/862d905a-ea44-44cf-8832-5dcf4a34a7f4\/experience\/902702?partialView=1\" data-testid=\"widget-book-button\"> Reserva tu TOUR VERDE ya <\/button> <\/div>\t\t\t\t<\/div>\n\t\t\t\t<\/div>\n\t\t\t\t<div class=\"elementor-element elementor-element-5a010f3 elementor-widget elementor-widget-text-editor\" data-id=\"5a010f3\" data-element_type=\"widget\" data-widget_type=\"text-editor.default\">\n\t\t\t\t\t\t\t\t\t<div class=\"tyUdl\"><h4><b>Pol\u00edtica de cancelaci\u00f3n<\/b><\/h4><p>Para recibir un reembolso completo, debe cancelar al menos un d\u00eda antes de la fecha reservada.<\/p><div class=\"biGQs _P SewaP uPlAb KeZJf\"><p>Reserva tu plaza manteniendo la flexibilidad.<\/p><p>Plazas limitadas disponibles.<\/p><\/div><\/div>\t\t\t\t\t\t\t\t<\/div>\n\t\t\t\t<div class=\"elementor-element elementor-element-c15547c elementor-widget elementor-widget-text-editor\" data-id=\"c15547c\" data-element_type=\"widget\" data-widget_type=\"text-editor.default\">\n\t\t\t\t\t\t\t\t\t<h4><strong>Itinerario<br><\/strong><\/h4><p>1.- Inicio\/Fin: C. de San Bartolom\u00e9, 9, Centro, 28004 Madrid, Espa\u00f1a<br><strong>Tienda QIK Tours<\/strong><\/p><p><b>2.- Templo de Debod (Temple of Debod)<\/b><\/p><p><b>3.- Mirador de la Monta\u00f1a de Pr\u00edncipe P\u00edo<\/b><\/p><p><b>4.- Mirador del Templo de Debod<\/b><\/p><p><span style=\"font-style: inherit;\"><b>5.- Monumento a la Infanta Isabel de Borb\u00f3n<\/b><\/span><\/p><p><span style=\"font-style: inherit;\"><b>6.- Parque del Oeste<\/b><\/span><\/p><p><b>7.- Arco de Moncloa<\/b><\/p><p><span style=\"font-style: inherit;\"><b>8.- Faro de Moncloa<\/b><\/span><\/p><p><span style=\"font-style: inherit;\"><b>9.- Monumento al General San Mart\u00edn<\/b><\/span><\/p><p><span style=\"font-style: inherit;\"><b>10.- \u00c1rbol monumental &#8211; Ginkgo Biloba<\/b><\/span><\/p><p><span style=\"font-style: inherit;\"><b>11.- Atlas Cedar del Parque del Oeste<\/b><\/span><\/p><p><span style=\"font-style: inherit;\"><b>12.- Arroyo del \u00c1rbol \u201cEl Abuelo\u201d<\/b><\/span><\/p><p><span style=\"font-style: inherit;\"><b>13.- Manantial de la Salud del Arroyo de San Bernardino<\/b><\/span><\/p><p><b>14.- Monumento a Elena Fort\u00fan<\/b><\/p><p><b>15.- Monumento a Miguel Hidalgo<\/b><\/p><p><b>16.- Escultura \u00abPuerta de Madrid\u00bb<\/b><\/p><p><b>17.- Monumento al Maestro<\/b><\/p><p><b>18.- Parque de la Casa de Campo<\/b><\/p><p>19.- FIN: C. de San Bartolom\u00e9, 9, Centro, 28004 Madrid, Espa\u00f1a<br>El tour termina en nuestra tienda.<\/p>\t\t\t\t\t\t\t\t<\/div>\n\t\t<div class=\"elementor-element elementor-element-f4c8804 e-con-full e-flex e-con e-child\" data-id=\"f4c8804\" data-element_type=\"container\">\n\t\t\t\t<\/div>\n\t\t\t\t<\/div>\n\t\t\t\t\t<\/div>\n\t\t\t\t<\/div>\n\t\t\t\t<\/div>\n\t\t","protected":false},"excerpt":{"rendered":"<p>Green Madrid Tour por Madrid: Parques y monumentos Green Madrid Tour: Parques y monumentos Acerca de \u00a1Descubre las joyas ocultas [&hellip;]<\/p>\n","protected":false},"author":10,"featured_media":0,"parent":2218,"menu_order":0,"comment_status":"closed","ping_status":"closed","template":"","meta":{"_uag_custom_page_level_css":"","site-sidebar-layout":"no-sidebar","site-content-layout":"page-builder","ast-site-content-layout":"full-width-container","site-content-style":"default","site-sidebar-style":"default","ast-global-header-display":"","ast-banner-title-visibility":"","ast-main-header-display":"","ast-hfb-above-header-display":"","ast-hfb-below-header-display":"","ast-hfb-mobile-header-display":"","site-post-title":"disabled","ast-breadcrumbs-content":"","ast-featured-img":"disabled","footer-sml-layout":"","ast-disable-related-posts":"","theme-transparent-header-meta":"","adv-header-id-meta":"","stick-header-meta":"","header-above-stick-meta":"","header-main-stick-meta":"","header-below-stick-meta":"","astra-migrate-meta-layouts":"default","ast-page-background-enabled":"default","ast-page-background-meta":{"desktop":{"background-color":"var(--ast-global-color-4)","background-image":"","background-repeat":"repeat","background-position":"center center","background-size":"auto","background-attachment":"scroll","background-type":"","background-media":"","overlay-type":"","overlay-color":"","overlay-opacity":"","overlay-gradient":""},"tablet":{"background-color":"","background-image":"","background-repeat":"repeat","background-position":"center center","background-size":"auto","background-attachment":"scroll","background-type":"","background-media":"","overlay-type":"","overlay-color":"","overlay-opacity":"","overlay-gradient":""},"mobile":{"background-color":"","background-image":"","background-repeat":"repeat","background-position":"center center","background-size":"auto","background-attachment":"scroll","background-type":"","background-media":"","overlay-type":"","overlay-color":"","overlay-opacity":"","overlay-gradient":""}},"ast-content-background-meta":{"desktop":{"background-color":"var(--ast-global-color-5)","background-image":"","background-repeat":"repeat","background-position":"center center","background-size":"auto","background-attachment":"scroll","background-type":"","background-media":"","overlay-type":"","overlay-color":"","overlay-opacity":"","overlay-gradient":""},"tablet":{"background-color":"var(--ast-global-color-5)","background-image":"","background-repeat":"repeat","background-position":"center center","background-size":"auto","background-attachment":"scroll","background-type":"","background-media":"","overlay-type":"","overlay-color":"","overlay-opacity":"","overlay-gradient":""},"mobile":{"background-color":"var(--ast-global-color-5)","background-image":"","background-repeat":"repeat","background-position":"center center","background-size":"auto","background-attachment":"scroll","background-type":"","background-media":"","overlay-type":"","overlay-color":"","overlay-opacity":"","overlay-gradient":""}},"footnotes":""},"class_list":["post-2815","page","type-page","status-publish","hentry"],"uagb_featured_image_src":{"full":false,"thumbnail":false,"medium":false,"medium_large":false,"large":false,"1536x1536":false,"2048x2048":false},"uagb_author_info":{"display_name":"daniel.sanchez","author_link":"https:\/\/qiktours.com\/es\/author\/kdybsmkauslr\/"},"uagb_comment_info":0,"uagb_excerpt":"Green Madrid Tour por Madrid: Parques y monumentos Green Madrid Tour: Parques y monumentos Acerca de \u00a1Descubre las joyas ocultas [&hellip;]","jetpack_sharing_enabled":true,"_links":{"self":[{"href":"https:\/\/qiktours.com\/es\/wp-json\/wp\/v2\/pages\/2815","targetHints":{"allow":["GET"]}}],"collection":[{"href":"https:\/\/qiktours.com\/es\/wp-json\/wp\/v2\/pages"}],"about":[{"href":"https:\/\/qiktours.com\/es\/wp-json\/wp\/v2\/types\/page"}],"author":[{"embeddable":true,"href":"https:\/\/qiktours.com\/es\/wp-json\/wp\/v2\/users\/10"}],"replies":[{"embeddable":true,"href":"https:\/\/qiktours.com\/es\/wp-json\/wp\/v2\/comments?post=2815"}],"version-history":[{"count":8,"href":"https:\/\/qiktours.com\/es\/wp-json\/wp\/v2\/pages\/2815\/revisions"}],"predecessor-version":[{"id":3343,"href":"https:\/\/qiktours.com\/es\/wp-json\/wp\/v2\/pages\/2815\/revisions\/3343"}],"up":[{"embeddable":true,"href":"https:\/\/qiktours.com\/es\/wp-json\/wp\/v2\/pages\/2218"}],"wp:attachment":[{"href":"https:\/\/qiktours.com\/es\/wp-json\/wp\/v2\/media?parent=2815"}],"curies":[{"name":"wp","href":"https:\/\/api.w.org\/{rel}","templated":true}]}}