{"id":3281,"date":"2026-02-05T19:09:57","date_gmt":"2026-02-05T19:09:57","guid":{"rendered":"https:\/\/qiktours.com\/consigna-de-equipaje-en-madrid-qik-storage\/"},"modified":"2026-02-17T19:54:57","modified_gmt":"2026-02-17T19:54:57","slug":"consigna-de-equipaje-en-madrid-qik-storage","status":"publish","type":"page","link":"https:\/\/qiktours.com\/es\/consigna-de-equipaje-en-madrid-qik-storage\/","title":{"rendered":"Consigna de equipaje en Madrid | QIK Storage"},"content":{"rendered":"\t\t<div data-elementor-type=\"wp-page\" data-elementor-id=\"3281\" class=\"elementor elementor-3281 elementor-3266\" data-elementor-post-type=\"page\">\n\t\t\t\t<div class=\"elementor-element elementor-element-bdcc21f e-con-full e-flex e-con e-parent\" data-id=\"bdcc21f\" data-element_type=\"container\" data-settings=\"{&quot;background_background&quot;:&quot;classic&quot;}\">\n\t\t\t\t<div class=\"elementor-element elementor-element-5ca31e2 elementor-widget elementor-widget-heading\" data-id=\"5ca31e2\" data-element_type=\"widget\" data-widget_type=\"heading.default\">\n\t\t\t\t\t<h2 class=\"elementor-heading-title elementor-size-default\">Consigna de equipaje en Madrid para turistas<\/h2>\t\t\t\t<\/div>\n\t\t\t\t<\/div>\n\t\t<div class=\"elementor-element elementor-element-9e7362c e-flex e-con-boxed e-con e-parent\" data-id=\"9e7362c\" data-element_type=\"container\">\n\t\t\t\t\t<div class=\"e-con-inner\">\n\t\t\t\t<div class=\"elementor-element elementor-element-11a640b elementor-widget-divider--view-line elementor-widget elementor-widget-divider\" data-id=\"11a640b\" data-element_type=\"widget\" data-widget_type=\"divider.default\">\n\t\t\t\t\t\t\t<div class=\"elementor-divider\">\n\t\t\t<span class=\"elementor-divider-separator\">\n\t\t\t\t\t\t<\/span>\n\t\t<\/div>\n\t\t\t\t\t\t<\/div>\n\t\t\t\t<div class=\"elementor-element elementor-element-0da7010 elementor-widget elementor-widget-heading\" data-id=\"0da7010\" data-element_type=\"widget\" data-widget_type=\"heading.default\">\n\t\t\t\t\t<h2 class=\"elementor-heading-title elementor-size-default\">Consigna de equipaje segura y c\u00f3moda en el centro de Madrid<\/h2>\t\t\t\t<\/div>\n\t\t\t\t<div class=\"elementor-element elementor-element-09e3dd3 elementor-widget elementor-widget-text-editor\" data-id=\"09e3dd3\" data-element_type=\"widget\" data-widget_type=\"text-editor.default\">\n\t\t\t\t\t\t\t\t\t<p>En <strong data-start=\"2310\" data-end=\"2325\">QIK Storage<\/strong>, sabemos que llevar equipaje puede limitar tu experiencia en una ciudad nueva. Por eso ofrecemos un <strong data-start=\"2420\" data-end=\"2479\">servicio de consigna de equipaje seguro y c\u00f3modo en Madrid,<\/strong> dise\u00f1ado especialmente para los viajeros que desean explorar libremente.<\/p>\t\t\t\t\t\t\t\t<\/div>\n\t\t<div class=\"elementor-element elementor-element-0adc6e5 e-con-full e-grid e-con e-child\" data-id=\"0adc6e5\" data-element_type=\"container\">\n\t\t<div class=\"elementor-element elementor-element-b363b9a e-con-full e-flex e-con e-child\" data-id=\"b363b9a\" data-element_type=\"container\" data-settings=\"{&quot;background_background&quot;:&quot;classic&quot;}\">\n\t\t\t\t<div class=\"elementor-element elementor-element-5d6bbcf elementor-widget elementor-widget-image\" data-id=\"5d6bbcf\" data-element_type=\"widget\" data-widget_type=\"image.default\">\n\t\t\t\t\t\t\t\t\t\t\t\t\t\t\t<img fetchpriority=\"high\" decoding=\"async\" width=\"792\" height=\"564\" src=\"https:\/\/qiktours.com\/wp-content\/uploads\/2026\/02\/qik-luggage-woman-with-suitcase.jpg\" class=\"attachment-large size-large wp-image-3279\" alt=\"qik storage - mujer con maleta\" srcset=\"https:\/\/qiktours.com\/wp-content\/uploads\/2026\/02\/qik-luggage-woman-with-suitcase.jpg 792w, https:\/\/qiktours.com\/wp-content\/uploads\/2026\/02\/qik-luggage-woman-with-suitcase-300x214.jpg 300w, https:\/\/qiktours.com\/wp-content\/uploads\/2026\/02\/qik-luggage-woman-with-suitcase-768x547.jpg 768w\" sizes=\"(max-width: 792px) 100vw, 792px\" title=\"Consigna de equipaje en Madrid | QIK Storage\">\t\t\t\t\t\t\t\t\t\t\t\t\t\t\t<\/div>\n\t\t\t\t<\/div>\n\t\t<div class=\"elementor-element elementor-element-86a4529 e-con-full e-flex e-con e-child\" data-id=\"86a4529\" data-element_type=\"container\">\n\t\t\t\t<div class=\"elementor-element elementor-element-a9f96bf elementor-widget elementor-widget-image\" data-id=\"a9f96bf\" data-element_type=\"widget\" data-widget_type=\"image.default\">\n\t\t\t\t\t\t\t\t\t\t\t\t\t\t\t<img decoding=\"async\" width=\"792\" height=\"564\" src=\"https:\/\/qiktours.com\/wp-content\/uploads\/2026\/02\/qik-color-suitcases.jpg\" class=\"attachment-large size-large wp-image-3280\" alt=\"qik storage - maletas de colores\" srcset=\"https:\/\/qiktours.com\/wp-content\/uploads\/2026\/02\/qik-color-suitcases.jpg 792w, https:\/\/qiktours.com\/wp-content\/uploads\/2026\/02\/qik-color-suitcases-300x214.jpg 300w, https:\/\/qiktours.com\/wp-content\/uploads\/2026\/02\/qik-color-suitcases-768x547.jpg 768w\" sizes=\"(max-width: 792px) 100vw, 792px\" title=\"Consigna de equipaje en Madrid | QIK Storage\">\t\t\t\t\t\t\t\t\t\t\t\t\t\t\t<\/div>\n\t\t\t\t<\/div>\n\t\t\t\t<\/div>\n\t\t\t\t\t<\/div>\n\t\t\t\t<\/div>\n\t\t<div class=\"elementor-element elementor-element-6a3ed8c e-flex e-con-boxed e-con e-parent\" data-id=\"6a3ed8c\" data-element_type=\"container\">\n\t\t\t\t\t<div class=\"e-con-inner\">\n\t\t\t\t<div class=\"elementor-element elementor-element-3572e89 elementor-widget elementor-widget-heading\" data-id=\"3572e89\" data-element_type=\"widget\" data-widget_type=\"heading.default\">\n\t\t\t\t\t<h2 class=\"elementor-heading-title elementor-size-default\">\u00bfPor qu\u00e9 elegi QIK Storage?<\/h2>\t\t\t\t<\/div>\n\t\t\t\t<div class=\"elementor-element elementor-element-8fde368 elementor-widget elementor-widget-text-editor\" data-id=\"8fde368\" data-element_type=\"widget\" data-widget_type=\"text-editor.default\">\n\t\t\t\t\t\t\t\t\t<h4 data-start=\"2549\" data-end=\"2580\"> <strong style=\"font-size: 17px; font-style: inherit; color: #1a1a1a;\" data-start=\"2582\" data-end=\"2610\">Viaja ligero, divi\u00e9rtete m\u00e1s<\/strong><\/h4><p data-start=\"2582\" data-end=\"2778\">Deja tus maletas con nosotros y disfruta de Madrid sin restricciones. Tanto si dispones de unas horas como de un d\u00eda completo, tu equipaje estar\u00e1 seguro mientras descubres la ciudad. <\/p><p data-start=\"2780\" data-end=\"2921\"><strong data-start=\"2780\" data-end=\"2807\">Almacenamiento seguro y fiable<\/strong><br data-start=\"2807\" data-end=\"2810\">Sus pertenencias se almacenan de forma segura en un lugar de confianza, lo que le permite disfrutar de total tranquilidad mientras explora.<\/p><p data-start=\"2923\" data-end=\"3121\"><strong data-start=\"2923\" data-end=\"2953\">Ubicaci\u00f3n c\u00e9ntrica en Madrid<\/strong><br data-start=\"2953\" data-end=\"2956\">QIK Storage se encuentra en el centro de la ciudad, a pocos minutos de las principales atracciones tur\u00edsticas, tiendas y conexiones de transporte. Deja tu equipaje y empieza a explorar al instante.<\/p>\t\t\t\t\t\t\t\t<\/div>\n\t\t<div class=\"elementor-element elementor-element-e34ff93 e-con-full e-flex e-con e-child\" data-id=\"e34ff93\" data-element_type=\"container\">\n\t\t<div class=\"elementor-element elementor-element-97259e2 e-con-full e-flex e-con e-child\" data-id=\"97259e2\" data-element_type=\"container\">\n\t\t\t\t<div class=\"elementor-element elementor-element-5610dd4 elementor-widget elementor-widget-text-editor\" data-id=\"5610dd4\" data-element_type=\"widget\" data-widget_type=\"text-editor.default\">\n\t\t\t\t\t\t\t\t\t<h3 data-start=\"3128\" data-end=\"3162\"><strong data-start=\"3133\" data-end=\"3162\">M\u00e1s que un simple servicio de consigna de equipaje<\/strong><\/h3><p data-start=\"3164\" data-end=\"3394\">QIK Storage forma parte del <strong data-start=\"3191\" data-end=\"3217\">ecosistema de movilidad QIK.<\/strong> Cuando guardas tu equipaje con nosotros, puedes disfrutar de <strong data-start=\"3270\" data-end=\"3330\">descuentos exclusivos en el alquiler de bicicletas el\u00e9ctricas y patinetes<\/strong>, lo que hace que moverte por la ciudad sea m\u00e1s f\u00e1cil, r\u00e1pido y divertido.<\/p><h3 data-start=\"3401\" data-end=\"3433\"><strong data-start=\"3406\" data-end=\"3433\">Disfruta de Madrid con las manos libres<\/strong><\/h3><p data-start=\"3435\" data-end=\"3547\">No dejes que tu equipaje te frene.<br data-start=\"3472\" data-end=\"3475\">Con <strong data-start=\"3480\" data-end=\"3495\">QIK Storage<\/strong>, puedes guardar tus cosas, explorar y moverte libremente por Madrid.<\/p>\t\t\t\t\t\t\t\t<\/div>\n\t\t\t\t<\/div>\n\t\t<div class=\"elementor-element elementor-element-648ac2c e-con-full e-flex e-con e-child\" data-id=\"648ac2c\" data-element_type=\"container\">\n\t\t\t\t<div class=\"elementor-element elementor-element-82b09ef elementor-button-info elementor-widget elementor-widget-button\" data-id=\"82b09ef\" data-element_type=\"widget\" data-widget_type=\"button.default\">\n\t\t\t\t\t\t\t\t\t\t<a class=\"elementor-button elementor-button-link elementor-size-sm\" href=\"tel:+34%20623%2074%2020%2070\">\n\t\t\t\t\t\t<span class=\"elementor-button-content-wrapper\">\n\t\t\t\t\t\t\t\t\t<span class=\"elementor-button-text\">\u00a1LL\u00c1MANOS AHORA!<\/span>\n\t\t\t\t\t<\/span>\n\t\t\t\t\t<\/a>\n\t\t\t\t\t\t\t\t<\/div>\n\t\t\t\t<div class=\"elementor-element elementor-element-a77bfea elementor-widget elementor-widget-text-editor\" data-id=\"a77bfea\" data-element_type=\"widget\" data-widget_type=\"text-editor.default\">\n\t\t\t\t\t\t\t\t\t<h3>Horario del servicio de consigna de equipaje<\/h3><p><b>Lunes a viernes: <\/b>10:00 \u2013 19:00<\/p><p><b>S\u00e1bados:<\/b> 10:00 \u2013 14:00<\/p><p><strong>Precio:<\/strong> 4 euros por paquete\/maleta<\/p>\t\t\t\t\t\t\t\t<\/div>\n\t\t\t\t<\/div>\n\t\t\t\t<\/div>\n\t\t\t\t\t<\/div>\n\t\t\t\t<\/div>\n\t\t<div class=\"elementor-element elementor-element-f3dfcff e-flex e-con-boxed e-con e-parent\" data-id=\"f3dfcff\" data-element_type=\"container\">\n\t\t\t\t\t<div class=\"e-con-inner\">\n\t\t\t\t<div class=\"elementor-element elementor-element-15bebda elementor-widget elementor-widget-heading\" data-id=\"15bebda\" data-element_type=\"widget\" data-widget_type=\"heading.default\">\n\t\t\t\t\t<h2 class=\"elementor-heading-title elementor-size-default\">Otros servicios de QIK<\/h2>\t\t\t\t<\/div>\n\t\t\t\t<div class=\"elementor-element elementor-element-96ed13e elementor-widget elementor-widget-text-editor\" data-id=\"96ed13e\" data-element_type=\"widget\" data-widget_type=\"text-editor.default\">\n\t\t\t\t\t\t\t\t\t<h4><b><a href=\"https:\/\/qiktours.com\/es\/alquiler-de-bicicletas-y-patinetes-electricos\/\">QIK Rental<\/a><\/b> |<b> <a href=\"https:\/\/qiktours.com\/es\/tours\/\">QIK Tours <\/a><\/b>| <b><a href=\"https:\/\/qiktours.com\/es\/taller-de-patinetes-y-bicicletas-electricas-en-madrid\/\">QIK Workshop<\/a><\/b> | <b><a href=\"https:\/\/qiktours.com\/es\/qik-corporate-movilidad-electrica-y-team-building-para-empresas-en-madrid\/\">QIK Corporate<\/a> <\/b>| <b><a href=\"https:\/\/qiktours.com\/es\/alquiler-de-bicicletas-electricas-para-riders-en-madrid-qikride\/\">QIK Raiders<\/a><\/b><\/h4>\t\t\t\t\t\t\t\t<\/div>\n\t\t\t\t\t<\/div>\n\t\t\t\t<\/div>\n\t\t<div class=\"elementor-element elementor-element-ce41a60 e-con-full e-flex e-con e-parent\" data-id=\"ce41a60\" data-element_type=\"container\" data-settings=\"{&quot;background_background&quot;:&quot;classic&quot;}\">\n\t\t\t\t<div class=\"elementor-element elementor-element-190253a elementor-widget elementor-widget-heading\" data-id=\"190253a\" data-element_type=\"widget\" data-widget_type=\"heading.default\">\n\t\t\t\t\t<h2 class=\"elementor-heading-title elementor-size-default\">Aprovecha al m\u00e1ximo tu tiempo en Madrid<\/h2>\t\t\t\t<\/div>\n\t\t\t\t<div class=\"elementor-element elementor-element-e1e8f93 elementor-widget elementor-widget-text-editor\" data-id=\"e1e8f93\" data-element_type=\"widget\" data-widget_type=\"text-editor.default\">\n\t\t\t\t\t\t\t\t\t<p data-start=\"3412\" data-end=\"3499\">Explora m\u00e1s. Pasea con facilidad. Disfruta de cada minuto.  <\/p>\t\t\t\t\t\t\t\t<\/div>\n\t\t\t\t<div class=\"elementor-element elementor-element-caa99a0 elementor-widget elementor-widget-button\" data-id=\"caa99a0\" data-element_type=\"widget\" data-widget_type=\"button.default\">\n\t\t\t\t\t\t\t\t\t\t<a class=\"elementor-button elementor-button-link elementor-size-sm\" href=\"https:\/\/qiktours.com\/es\/alquiler-de-bicicletas-y-patinetes-electricos\/\">\n\t\t\t\t\t\t<span class=\"elementor-button-content-wrapper\">\n\t\t\t\t\t\t\t\t\t<span class=\"elementor-button-text\">\u00a1ALQUILA TU BICI HOY!<\/span>\n\t\t\t\t\t<\/span>\n\t\t\t\t\t<\/a>\n\t\t\t\t\t\t\t\t<\/div>\n\t\t\t\t<\/div>\n\t\t\t\t<\/div>\n\t\t","protected":false},"excerpt":{"rendered":"<p>Consigna de equipaje en Madrid para turistas Consigna de equipaje segura y c\u00f3moda en el centro de Madrid En QIK [&hellip;]<\/p>\n","protected":false},"author":10,"featured_media":0,"parent":0,"menu_order":0,"comment_status":"closed","ping_status":"closed","template":"","meta":{"_uag_custom_page_level_css":"","site-sidebar-layout":"default","site-content-layout":"","ast-site-content-layout":"default","site-content-style":"default","site-sidebar-style":"default","ast-global-header-display":"","ast-banner-title-visibility":"","ast-main-header-display":"","ast-hfb-above-header-display":"","ast-hfb-below-header-display":"","ast-hfb-mobile-header-display":"","site-post-title":"disabled","ast-breadcrumbs-content":"","ast-featured-img":"","footer-sml-layout":"","ast-disable-related-posts":"","theme-transparent-header-meta":"","adv-header-id-meta":"","stick-header-meta":"","header-above-stick-meta":"","header-main-stick-meta":"","header-below-stick-meta":"","astra-migrate-meta-layouts":"default","ast-page-background-enabled":"default","ast-page-background-meta":{"desktop":{"background-color":"var(--ast-global-color-4)","background-image":"","background-repeat":"repeat","background-position":"center center","background-size":"auto","background-attachment":"scroll","background-type":"","background-media":"","overlay-type":"","overlay-color":"","overlay-opacity":"","overlay-gradient":""},"tablet":{"background-color":"","background-image":"","background-repeat":"repeat","background-position":"center center","background-size":"auto","background-attachment":"scroll","background-type":"","background-media":"","overlay-type":"","overlay-color":"","overlay-opacity":"","overlay-gradient":""},"mobile":{"background-color":"","background-image":"","background-repeat":"repeat","background-position":"center center","background-size":"auto","background-attachment":"scroll","background-type":"","background-media":"","overlay-type":"","overlay-color":"","overlay-opacity":"","overlay-gradient":""}},"ast-content-background-meta":{"desktop":{"background-color":"var(--ast-global-color-5)","background-image":"","background-repeat":"repeat","background-position":"center center","background-size":"auto","background-attachment":"scroll","background-type":"","background-media":"","overlay-type":"","overlay-color":"","overlay-opacity":"","overlay-gradient":""},"tablet":{"background-color":"var(--ast-global-color-5)","background-image":"","background-repeat":"repeat","background-position":"center center","background-size":"auto","background-attachment":"scroll","background-type":"","background-media":"","overlay-type":"","overlay-color":"","overlay-opacity":"","overlay-gradient":""},"mobile":{"background-color":"var(--ast-global-color-5)","background-image":"","background-repeat":"repeat","background-position":"center center","background-size":"auto","background-attachment":"scroll","background-type":"","background-media":"","overlay-type":"","overlay-color":"","overlay-opacity":"","overlay-gradient":""}},"footnotes":""},"class_list":["post-3281","page","type-page","status-publish","hentry"],"uagb_featured_image_src":{"full":false,"thumbnail":false,"medium":false,"medium_large":false,"large":false,"1536x1536":false,"2048x2048":false},"uagb_author_info":{"display_name":"daniel.sanchez","author_link":"https:\/\/qiktours.com\/es\/author\/kdybsmkauslr\/"},"uagb_comment_info":0,"uagb_excerpt":"Consigna de equipaje en Madrid para turistas Consigna de equipaje segura y c\u00f3moda en el centro de Madrid En QIK [&hellip;]","jetpack_sharing_enabled":true,"_links":{"self":[{"href":"https:\/\/qiktours.com\/es\/wp-json\/wp\/v2\/pages\/3281","targetHints":{"allow":["GET"]}}],"collection":[{"href":"https:\/\/qiktours.com\/es\/wp-json\/wp\/v2\/pages"}],"about":[{"href":"https:\/\/qiktours.com\/es\/wp-json\/wp\/v2\/types\/page"}],"author":[{"embeddable":true,"href":"https:\/\/qiktours.com\/es\/wp-json\/wp\/v2\/users\/10"}],"replies":[{"embeddable":true,"href":"https:\/\/qiktours.com\/es\/wp-json\/wp\/v2\/comments?post=3281"}],"version-history":[{"count":6,"href":"https:\/\/qiktours.com\/es\/wp-json\/wp\/v2\/pages\/3281\/revisions"}],"predecessor-version":[{"id":3517,"href":"https:\/\/qiktours.com\/es\/wp-json\/wp\/v2\/pages\/3281\/revisions\/3517"}],"wp:attachment":[{"href":"https:\/\/qiktours.com\/es\/wp-json\/wp\/v2\/media?parent=3281"}],"curies":[{"name":"wp","href":"https:\/\/api.w.org\/{rel}","templated":true}]}}