{"id":3390,"date":"2026-02-06T19:08:20","date_gmt":"2026-02-06T19:08:20","guid":{"rendered":"https:\/\/qiktours.com\/qik-corporate-movilidad-electrica-y-team-building-para-empresas-en-madrid\/"},"modified":"2026-02-17T12:40:41","modified_gmt":"2026-02-17T12:40:41","slug":"qik-corporate-movilidad-electrica-y-team-building-para-empresas-en-madrid","status":"publish","type":"page","link":"https:\/\/qiktours.com\/es\/qik-corporate-movilidad-electrica-y-team-building-para-empresas-en-madrid\/","title":{"rendered":"QIK Corporate | Movilidad el\u00e9ctrica y team building para empresas en Madrid"},"content":{"rendered":"\t\t<div data-elementor-type=\"wp-page\" data-elementor-id=\"3390\" class=\"elementor elementor-3390 elementor-3362\" data-elementor-post-type=\"page\">\n\t\t\t\t<div class=\"elementor-element elementor-element-bdcc21f e-con-full e-flex e-con e-parent\" data-id=\"bdcc21f\" data-element_type=\"container\" data-settings=\"{&quot;background_background&quot;:&quot;classic&quot;}\">\n\t\t\t\t<div class=\"elementor-element elementor-element-5ca31e2 elementor-widget elementor-widget-heading\" data-id=\"5ca31e2\" data-element_type=\"widget\" data-widget_type=\"heading.default\">\n\t\t\t\t\t<h1 class=\"elementor-heading-title elementor-size-default\">QIK Corporate: Soluciones de movilidad el\u00e9ctrica<br>para empresas en Madrid<\/h1>\t\t\t\t<\/div>\n\t\t\t\t<\/div>\n\t\t<div class=\"elementor-element elementor-element-9e7362c e-flex e-con-boxed e-con e-parent\" data-id=\"9e7362c\" data-element_type=\"container\">\n\t\t\t\t\t<div class=\"e-con-inner\">\n\t\t\t\t<div class=\"elementor-element elementor-element-11a640b elementor-widget-divider--view-line elementor-widget elementor-widget-divider\" data-id=\"11a640b\" data-element_type=\"widget\" data-widget_type=\"divider.default\">\n\t\t\t\t\t\t\t<div class=\"elementor-divider\">\n\t\t\t<span class=\"elementor-divider-separator\">\n\t\t\t\t\t\t<\/span>\n\t\t<\/div>\n\t\t\t\t\t\t<\/div>\n\t\t\t\t<div class=\"elementor-element elementor-element-3572e89 elementor-widget elementor-widget-heading\" data-id=\"3572e89\" data-element_type=\"widget\" data-widget_type=\"heading.default\">\n\t\t\t\t\t<h2 class=\"elementor-heading-title elementor-size-default\">Nuestras experiencias corporativas<\/h2>\t\t\t\t<\/div>\n\t\t\t\t<div class=\"elementor-element elementor-element-fae4b92 elementor-widget elementor-widget-text-editor\" data-id=\"fae4b92\" data-element_type=\"widget\" data-widget_type=\"text-editor.default\">\n\t\t\t\t\t\t\t\t\t<p data-start=\"1517\" data-end=\"1570\"><strong data-start=\"1517\" data-end=\"1570\">Experiencias corporativas de movilidad el\u00e9ctrica en Madrid<\/strong><\/p>\t\t\t\t\t\t\t\t<\/div>\n\t\t\t\t<div class=\"elementor-element elementor-element-09e3dd3 elementor-widget elementor-widget-text-editor\" data-id=\"09e3dd3\" data-element_type=\"widget\" data-widget_type=\"text-editor.default\">\n\t\t\t\t\t\t\t\t\t<p data-start=\"1001\" data-end=\"1312\">En <strong data-start=\"1004\" data-end=\"1021\">QIK Corporate<\/strong>, nos especializamos en <strong data-start=\"1040\" data-end=\"1095\">soluciones de movilidad el\u00e9ctrica para empresas en Madrid<\/strong>, transformando la forma en que los negocios experimentan y utilizan el transporte urbano.<br data-start=\"1164\" data-end=\"1167\">Trabajamos en el <strong data-start=\"1182\" data-end=\"1196\">sector B2B<\/strong>, ofreciendo <strong data-start=\"1207\" data-end=\"1262\">experiencias sostenibles, innovadoras y personalizadas <\/strong>a trav\u00e9s de nuestra flota de bicicletas y patinetes el\u00e9ctricos.<\/p><p data-start=\"1314\" data-end=\"1472\">Nuestros servicios est\u00e1n dise\u00f1ados para empresas, instituciones y organizaciones que buscan combinar <strong data-start=\"1405\" data-end=\"1459\">movilidad, sostenibilidad y experiencias memorables<\/strong> en la ciudad.<\/p>\t\t\t\t\t\t\t\t<\/div>\n\t\t<div class=\"elementor-element elementor-element-0adc6e5 e-con-full e-grid e-con e-child\" data-id=\"0adc6e5\" data-element_type=\"container\">\n\t\t<div class=\"elementor-element elementor-element-b363b9a e-con-full e-flex e-con e-child\" data-id=\"b363b9a\" data-element_type=\"container\" data-settings=\"{&quot;background_background&quot;:&quot;classic&quot;}\">\n\t\t\t\t<div class=\"elementor-element elementor-element-5d6bbcf elementor-widget elementor-widget-image\" data-id=\"5d6bbcf\" data-element_type=\"widget\" data-widget_type=\"image.default\">\n\t\t\t\t\t\t\t\t\t\t\t\t\t\t\t<img fetchpriority=\"high\" decoding=\"async\" width=\"790\" height=\"561\" src=\"https:\/\/qiktours.com\/wp-content\/uploads\/2026\/02\/qik-corporate-joyful-volunteers.jpg\" class=\"attachment-large size-large wp-image-3388\" alt=\"qik corporate alegres voluntarios\" srcset=\"https:\/\/qiktours.com\/wp-content\/uploads\/2026\/02\/qik-corporate-joyful-volunteers.jpg 790w, https:\/\/qiktours.com\/wp-content\/uploads\/2026\/02\/qik-corporate-joyful-volunteers-300x213.jpg 300w, https:\/\/qiktours.com\/wp-content\/uploads\/2026\/02\/qik-corporate-joyful-volunteers-768x545.jpg 768w\" sizes=\"(max-width: 790px) 100vw, 790px\" title=\"QIK Corporate | Movilidad el\u00e9ctrica y team building para empresas en Madrid\">\t\t\t\t\t\t\t\t\t\t\t\t\t\t\t<\/div>\n\t\t\t\t<\/div>\n\t\t<div class=\"elementor-element elementor-element-86a4529 e-con-full e-flex e-con e-child\" data-id=\"86a4529\" data-element_type=\"container\">\n\t\t\t\t<div class=\"elementor-element elementor-element-a9f96bf elementor-widget elementor-widget-image\" data-id=\"a9f96bf\" data-element_type=\"widget\" data-widget_type=\"image.default\">\n\t\t\t\t\t\t\t\t\t\t\t\t\t\t\t<img decoding=\"async\" width=\"790\" height=\"561\" src=\"https:\/\/qiktours.com\/wp-content\/uploads\/2026\/02\/qik-corporate-young-couple-riding-scooters-outdoors.jpg\" class=\"attachment-large size-large wp-image-3389\" alt=\"qik corporate Pareja joven montando en scooter al aire libre.\" srcset=\"https:\/\/qiktours.com\/wp-content\/uploads\/2026\/02\/qik-corporate-young-couple-riding-scooters-outdoors.jpg 790w, https:\/\/qiktours.com\/wp-content\/uploads\/2026\/02\/qik-corporate-young-couple-riding-scooters-outdoors-300x213.jpg 300w, https:\/\/qiktours.com\/wp-content\/uploads\/2026\/02\/qik-corporate-young-couple-riding-scooters-outdoors-768x545.jpg 768w\" sizes=\"(max-width: 790px) 100vw, 790px\" title=\"QIK Corporate | Movilidad el\u00e9ctrica y team building para empresas en Madrid\">\t\t\t\t\t\t\t\t\t\t\t\t\t\t\t<\/div>\n\t\t\t\t<\/div>\n\t\t\t\t<\/div>\n\t\t\t\t\t<\/div>\n\t\t\t\t<\/div>\n\t\t<div class=\"elementor-element elementor-element-6a3ed8c e-flex e-con-boxed e-con e-parent\" data-id=\"6a3ed8c\" data-element_type=\"container\">\n\t\t\t\t\t<div class=\"e-con-inner\">\n\t\t<div class=\"elementor-element elementor-element-e34ff93 e-con-full e-flex e-con e-child\" data-id=\"e34ff93\" data-element_type=\"container\">\n\t\t<div class=\"elementor-element elementor-element-97259e2 e-con-full e-flex e-con e-child\" data-id=\"97259e2\" data-element_type=\"container\">\n\t\t\t\t<div class=\"elementor-element elementor-element-5610dd4 elementor-widget elementor-widget-text-editor\" data-id=\"5610dd4\" data-element_type=\"widget\" data-widget_type=\"text-editor.default\">\n\t\t\t\t\t\t\t\t\t<h3 data-start=\"1616\" data-end=\"1673\"><strong data-start=\"1620\" data-end=\"1673\">Team Building en bicicletas el\u00e9ctricas y patinetes<\/strong><\/h3><p data-start=\"1674\" data-end=\"1717\">Experiencias de team building sobre dos ruedas<br>Refuerza la colaboraci\u00f3n y el esp\u00edritu de equipo con nuestras <strong style=\"font-style: inherit;\" data-start=\"1769\" data-end=\"1817\"><span data-start=\"1674\" data-end=\"1717\">actividades de team building corporativo en Madrid<\/span>.<\/strong><br>Dise\u00f1amos experiencias din\u00e1micas que promueven el trabajo en equipo, la comunicaci\u00f3n y el bienestar de los empleados mientras disfrutan de bicicletas y patinetes el\u00e9ctricos en un entorno urbano.<br>Perfecto para empresas que buscan <strong style=\"font-style: inherit;\" data-start=\"2015\" data-end=\"2051\">actividades de team building al aire libre<\/strong>, incentivos sostenibles y experiencias corporativas originales.<\/p><h3 data-start=\"2118\" data-end=\"2158\"><strong data-start=\"2122\" data-end=\"2158\">Visitas educativas y para estudiantes<\/strong><\/h3><p data-start=\"2159\" data-end=\"2219\">Visitas guiadas en bicicleta el\u00e9ctrica y patinete el\u00e9ctrico para estudiantes e instituciones educativas<br>Ofrecemos <strong style=\"font-style: inherit;\" data-start=\"2230\" data-end=\"2282\">visitas guiadas en bicicleta el\u00e9ctrica y patinete el\u00e9ctrico por Madrid<\/strong> para colegios, universidades y grupos educativos.<br>Estas visitas son una forma divertida y activa de explorar la ciudad, al tiempo que promueven <strong style=\"font-style: inherit;\" data-start=\"2412\" data-end=\"2455\">h\u00e1bitos saludables y la movilidad sostenible<\/strong>.<\/p><h3 data-start=\"2463\" data-end=\"2515\"><strong data-start=\"2467\" data-end=\"2515\">Activaciones de marca y acciones promocionales<\/strong><\/h3><p data-start=\"2516\" data-end=\"2574\">Movilidad el\u00e9ctrica para activaciones y promociones de marca<br>\u00bfBuscas una forma innovadora de lanzar un producto o una campa\u00f1a?<br>Nuestras <strong style=\"font-style: inherit;\" data-start=\"2645\" data-end=\"2700\">bicicletas y patinetes el\u00e9ctricos para acciones promocionales<\/strong> permiten a las marcas transmitir mensajes impactantes y respetuosos con el medio ambiente, al tiempo que conectan con su p\u00fablico de una forma din\u00e1mica y memorable.<\/p><h3 data-start=\"2833\" data-end=\"2884\"><strong data-start=\"2837\" data-end=\"2884\">Servicios de movilidad para eventos corporativos<\/strong><\/h3><p data-start=\"2885\" data-end=\"2930\">Movilidad sostenible para eventos corporativos<br>Ofrecemos <strong style=\"font-style: inherit;\" data-start=\"2943\" data-end=\"2995\">soluciones de movilidad el\u00e9ctrica para eventos en Madrid<\/strong>, ayudando a los asistentes a desplazarse de forma eficiente y sostenible entre los distintos lugares.<br>Desde conferencias hasta eventos a gran escala, mejoramos la log\u00edstica al tiempo que optimizamos la experiencia general.<\/p>\t\t\t\t\t\t\t\t<\/div>\n\t\t\t\t<\/div>\n\t\t<div class=\"elementor-element elementor-element-648ac2c e-con-full e-flex e-con e-child\" data-id=\"648ac2c\" data-element_type=\"container\">\n\t\t\t\t<div class=\"elementor-element elementor-element-82b09ef elementor-button-info elementor-widget elementor-widget-button\" data-id=\"82b09ef\" data-element_type=\"widget\" data-widget_type=\"button.default\">\n\t\t\t\t\t\t\t\t\t\t<a class=\"elementor-button elementor-button-link elementor-size-sm\" href=\"tel:+34%20623%2074%2020%2070\">\n\t\t\t\t\t\t<span class=\"elementor-button-content-wrapper\">\n\t\t\t\t\t\t\t\t\t<span class=\"elementor-button-text\">\u00a1LL\u00c1MANOS AHORA!<\/span>\n\t\t\t\t\t<\/span>\n\t\t\t\t\t<\/a>\n\t\t\t\t\t\t\t\t<\/div>\n\t\t\t\t<div class=\"elementor-element elementor-element-a77bfea elementor-widget elementor-widget-text-editor\" data-id=\"a77bfea\" data-element_type=\"widget\" data-widget_type=\"text-editor.default\">\n\t\t\t\t\t\t\t\t\t<h3 data-start=\"3176\" data-end=\"3213\"><strong data-start=\"3179\" data-end=\"3213\">\u00bfPor qu\u00e9 elegir QIK Corporate?<\/strong><\/h3><p data-start=\"3214\" data-end=\"3260\"><strong data-start=\"3214\" data-end=\"3260\">Por qu\u00e9 elegir QIK Corporate para tu negocio<\/strong><\/p><h4 data-start=\"3262\" data-end=\"3284\">Sostenibilidad<br>Reduzca su impacto medioambiental con <strong style=\"font-size: 17px; font-style: inherit; color: #1a1a1a;\" data-start=\"3323\" data-end=\"3376\">soluciones de movilidad el\u00e9ctrica limpias y responsables<\/strong>.<\/h4><h4 data-start=\"3379\" data-end=\"3398\">Flexibilidad<br>Adaptamos cada servicio a las necesidades espec\u00edficas de su empresa, evento u organizaci\u00f3n.<\/h4><h4 data-start=\"3484\" data-end=\"3502\">Innovaci\u00f3n<br>Ofrecemos <strong style=\"font-size: 17px; font-style: inherit; color: #1a1a1a;\" data-start=\"3514\" data-end=\"3552\">experiencias de movilidad modernas e inteligentes<\/strong> que mejoran la forma en que las personas interact\u00faan con la ciudad.<\/h4>\t\t\t\t\t\t\t\t<\/div>\n\t\t\t\t<\/div>\n\t\t\t\t<\/div>\n\t\t<div class=\"elementor-element elementor-element-24d03c3 e-con-full e-flex e-con e-child\" data-id=\"24d03c3\" data-element_type=\"container\">\n\t\t\t\t<div class=\"elementor-element elementor-element-51aba93 elementor-widget elementor-widget-text-editor\" data-id=\"51aba93\" data-element_type=\"widget\" data-widget_type=\"text-editor.default\">\n\t\t\t\t\t\t\t\t\t<p>En <strong data-start=\"3649\" data-end=\"3666\">QIK Corporate <\/strong>creemos que la movilidad no consiste solo en desplazarse de un lugar a otro, sino en <strong data-start=\"3751\" data-end=\"3802\">crear experiencias significativas y sostenibles<\/strong>.<br data-start=\"3803\" data-end=\"3806\"><strong data-start=\"3806\" data-end=\"3826\">P\u00f3ngase en contacto con nosotros hoy mismo <\/strong>y descubra c\u00f3mo la movilidad el\u00e9ctrica puede llevar a su empresa al siguiente nivel.<\/p>\t\t\t\t\t\t\t\t<\/div>\n\t\t\t\t<\/div>\n\t\t\t\t\t<\/div>\n\t\t\t\t<\/div>\n\t\t<div class=\"elementor-element elementor-element-f3dfcff e-flex e-con-boxed e-con e-parent\" data-id=\"f3dfcff\" data-element_type=\"container\">\n\t\t\t\t\t<div class=\"e-con-inner\">\n\t\t\t\t<div class=\"elementor-element elementor-element-15bebda elementor-widget elementor-widget-heading\" data-id=\"15bebda\" data-element_type=\"widget\" data-widget_type=\"heading.default\">\n\t\t\t\t\t<h2 class=\"elementor-heading-title elementor-size-default\">Otros servicios de QIK<\/h2>\t\t\t\t<\/div>\n\t\t\t\t<div class=\"elementor-element elementor-element-96ed13e elementor-widget elementor-widget-text-editor\" data-id=\"96ed13e\" data-element_type=\"widget\" data-widget_type=\"text-editor.default\">\n\t\t\t\t\t\t\t\t\t<h4><b><a href=\"https:\/\/qiktours.com\/es\/alquiler-de-bicicletas-y-patinetes-electricos\/\">QIK Rental<\/a><\/b> |<b> <a href=\"https:\/\/qiktours.com\/es\/tours\/\">QIK Tours <\/a><\/b>| <b><a href=\"https:\/\/qiktours.com\/es\/taller-de-patinetes-y-bicicletas-electricas-en-madrid\/\">QIK Workshop<\/a><\/b> | <b><a href=\"https:\/\/qiktours.com\/es\/qik-corporate-movilidad-electrica-y-team-building-para-empresas-en-madrid\/\">QIK Corporate<\/a> <\/b>| <b><a href=\"https:\/\/qiktours.com\/es\/alquiler-de-bicicletas-electricas-para-riders-en-madrid-qikride\/\">QIK Raiders<\/a><\/b><\/h4>\t\t\t\t\t\t\t\t<\/div>\n\t\t\t\t\t<\/div>\n\t\t\t\t<\/div>\n\t\t<div class=\"elementor-element elementor-element-ce41a60 e-con-full e-flex e-con e-parent\" data-id=\"ce41a60\" data-element_type=\"container\" data-settings=\"{&quot;background_background&quot;:&quot;classic&quot;}\">\n\t\t\t\t<div class=\"elementor-element elementor-element-190253a elementor-widget elementor-widget-heading\" data-id=\"190253a\" data-element_type=\"widget\" data-widget_type=\"heading.default\">\n\t\t\t\t\t<h2 class=\"elementor-heading-title elementor-size-default\">Aprovecha al m\u00e1ximo tu tiempo en Madrid<\/h2>\t\t\t\t<\/div>\n\t\t\t\t<div class=\"elementor-element elementor-element-e1e8f93 elementor-widget elementor-widget-text-editor\" data-id=\"e1e8f93\" data-element_type=\"widget\" data-widget_type=\"text-editor.default\">\n\t\t\t\t\t\t\t\t\t<p data-start=\"3412\" data-end=\"3499\">Explora m\u00e1s. Pasea con facilidad. Disfruta de cada minuto.  <\/p>\t\t\t\t\t\t\t\t<\/div>\n\t\t\t\t<div class=\"elementor-element elementor-element-caa99a0 elementor-widget elementor-widget-button\" data-id=\"caa99a0\" data-element_type=\"widget\" data-widget_type=\"button.default\">\n\t\t\t\t\t\t\t\t\t\t<a class=\"elementor-button elementor-button-link elementor-size-sm\" href=\"\/rental\/\">\n\t\t\t\t\t\t<span class=\"elementor-button-content-wrapper\">\n\t\t\t\t\t\t\t\t\t<span class=\"elementor-button-text\">\u00a1ALQUILA TU BICI HOY!<\/span>\n\t\t\t\t\t<\/span>\n\t\t\t\t\t<\/a>\n\t\t\t\t\t\t\t\t<\/div>\n\t\t\t\t<\/div>\n\t\t\t\t<\/div>\n\t\t","protected":false},"excerpt":{"rendered":"<p>QIK Corporate: Soluciones de movilidad el\u00e9ctricapara empresas en Madrid Nuestras experiencias corporativas Experiencias corporativas de movilidad el\u00e9ctrica en Madrid En [&hellip;]<\/p>\n","protected":false},"author":10,"featured_media":0,"parent":0,"menu_order":0,"comment_status":"closed","ping_status":"closed","template":"","meta":{"_uag_custom_page_level_css":"","site-sidebar-layout":"default","site-content-layout":"","ast-site-content-layout":"default","site-content-style":"default","site-sidebar-style":"default","ast-global-header-display":"","ast-banner-title-visibility":"","ast-main-header-display":"","ast-hfb-above-header-display":"","ast-hfb-below-header-display":"","ast-hfb-mobile-header-display":"","site-post-title":"disabled","ast-breadcrumbs-content":"","ast-featured-img":"","footer-sml-layout":"","ast-disable-related-posts":"","theme-transparent-header-meta":"","adv-header-id-meta":"","stick-header-meta":"","header-above-stick-meta":"","header-main-stick-meta":"","header-below-stick-meta":"","astra-migrate-meta-layouts":"default","ast-page-background-enabled":"default","ast-page-background-meta":{"desktop":{"background-color":"var(--ast-global-color-4)","background-image":"","background-repeat":"repeat","background-position":"center center","background-size":"auto","background-attachment":"scroll","background-type":"","background-media":"","overlay-type":"","overlay-color":"","overlay-opacity":"","overlay-gradient":""},"tablet":{"background-color":"","background-image":"","background-repeat":"repeat","background-position":"center center","background-size":"auto","background-attachment":"scroll","background-type":"","background-media":"","overlay-type":"","overlay-color":"","overlay-opacity":"","overlay-gradient":""},"mobile":{"background-color":"","background-image":"","background-repeat":"repeat","background-position":"center center","background-size":"auto","background-attachment":"scroll","background-type":"","background-media":"","overlay-type":"","overlay-color":"","overlay-opacity":"","overlay-gradient":""}},"ast-content-background-meta":{"desktop":{"background-color":"var(--ast-global-color-5)","background-image":"","background-repeat":"repeat","background-position":"center center","background-size":"auto","background-attachment":"scroll","background-type":"","background-media":"","overlay-type":"","overlay-color":"","overlay-opacity":"","overlay-gradient":""},"tablet":{"background-color":"var(--ast-global-color-5)","background-image":"","background-repeat":"repeat","background-position":"center center","background-size":"auto","background-attachment":"scroll","background-type":"","background-media":"","overlay-type":"","overlay-color":"","overlay-opacity":"","overlay-gradient":""},"mobile":{"background-color":"var(--ast-global-color-5)","background-image":"","background-repeat":"repeat","background-position":"center center","background-size":"auto","background-attachment":"scroll","background-type":"","background-media":"","overlay-type":"","overlay-color":"","overlay-opacity":"","overlay-gradient":""}},"footnotes":""},"class_list":["post-3390","page","type-page","status-publish","hentry"],"uagb_featured_image_src":{"full":false,"thumbnail":false,"medium":false,"medium_large":false,"large":false,"1536x1536":false,"2048x2048":false},"uagb_author_info":{"display_name":"daniel.sanchez","author_link":"https:\/\/qiktours.com\/es\/author\/kdybsmkauslr\/"},"uagb_comment_info":0,"uagb_excerpt":"QIK Corporate: Soluciones de movilidad el\u00e9ctricapara empresas en Madrid Nuestras experiencias corporativas Experiencias corporativas de movilidad el\u00e9ctrica en Madrid En [&hellip;]","jetpack_sharing_enabled":true,"_links":{"self":[{"href":"https:\/\/qiktours.com\/es\/wp-json\/wp\/v2\/pages\/3390","targetHints":{"allow":["GET"]}}],"collection":[{"href":"https:\/\/qiktours.com\/es\/wp-json\/wp\/v2\/pages"}],"about":[{"href":"https:\/\/qiktours.com\/es\/wp-json\/wp\/v2\/types\/page"}],"author":[{"embeddable":true,"href":"https:\/\/qiktours.com\/es\/wp-json\/wp\/v2\/users\/10"}],"replies":[{"embeddable":true,"href":"https:\/\/qiktours.com\/es\/wp-json\/wp\/v2\/comments?post=3390"}],"version-history":[{"count":6,"href":"https:\/\/qiktours.com\/es\/wp-json\/wp\/v2\/pages\/3390\/revisions"}],"predecessor-version":[{"id":3483,"href":"https:\/\/qiktours.com\/es\/wp-json\/wp\/v2\/pages\/3390\/revisions\/3483"}],"wp:attachment":[{"href":"https:\/\/qiktours.com\/es\/wp-json\/wp\/v2\/media?parent=3390"}],"curies":[{"name":"wp","href":"https:\/\/api.w.org\/{rel}","templated":true}]}}