{"id":3407,"date":"2026-02-06T16:37:44","date_gmt":"2026-02-06T16:37:44","guid":{"rendered":"https:\/\/qiktours.com\/alquiler-de-bicicletas-electricas-para-riders-en-madrid-qikride\/"},"modified":"2026-02-17T12:40:41","modified_gmt":"2026-02-17T12:40:41","slug":"alquiler-de-bicicletas-electricas-para-riders-en-madrid-qikride","status":"publish","type":"page","link":"https:\/\/qiktours.com\/es\/alquiler-de-bicicletas-electricas-para-riders-en-madrid-qikride\/","title":{"rendered":"Alquiler de bicicletas el\u00e9ctricas para riders en Madrid | QikRide"},"content":{"rendered":"\t\t<div data-elementor-type=\"wp-page\" data-elementor-id=\"3407\" class=\"elementor elementor-3407 elementor-3302\" data-elementor-post-type=\"page\">\n\t\t\t\t<div class=\"elementor-element elementor-element-bdcc21f e-con-full e-flex e-con e-parent\" data-id=\"bdcc21f\" data-element_type=\"container\" data-settings=\"{&quot;background_background&quot;:&quot;classic&quot;}\">\n\t\t\t\t<div class=\"elementor-element elementor-element-5ca31e2 elementor-widget elementor-widget-heading\" data-id=\"5ca31e2\" data-element_type=\"widget\" data-widget_type=\"heading.default\">\n\t\t\t\t\t<h1 class=\"elementor-heading-title elementor-size-default\">Suscripci\u00f3n a bicicletas el\u00e9ctricas para riders en Madrid<\/h1>\t\t\t\t<\/div>\n\t\t\t\t<\/div>\n\t\t<div class=\"elementor-element elementor-element-9e7362c e-flex e-con-boxed e-con e-parent\" data-id=\"9e7362c\" data-element_type=\"container\">\n\t\t\t\t\t<div class=\"e-con-inner\">\n\t\t\t\t<div class=\"elementor-element elementor-element-11a640b elementor-widget-divider--view-line elementor-widget elementor-widget-divider\" data-id=\"11a640b\" data-element_type=\"widget\" data-widget_type=\"divider.default\">\n\t\t\t\t\t\t\t<div class=\"elementor-divider\">\n\t\t\t<span class=\"elementor-divider-separator\">\n\t\t\t\t\t\t<\/span>\n\t\t<\/div>\n\t\t\t\t\t\t<\/div>\n\t\t\t\t<div class=\"elementor-element elementor-element-0da7010 elementor-widget elementor-widget-heading\" data-id=\"0da7010\" data-element_type=\"widget\" data-widget_type=\"heading.default\">\n\t\t\t\t\t<h2 class=\"elementor-heading-title elementor-size-default\">Una soluci\u00f3n fiable de bicicletas el\u00e9ctricas para los riders de Madrid<\/h2>\t\t\t\t<\/div>\n\t\t\t\t<div class=\"elementor-element elementor-element-09e3dd3 elementor-widget elementor-widget-text-editor\" data-id=\"09e3dd3\" data-element_type=\"widget\" data-widget_type=\"text-editor.default\">\n\t\t\t\t\t\t\t\t\t<p><strong data-start=\"646\" data-end=\"664\">\u00a1Hola, Rrders!<\/strong><br data-start=\"664\" data-end=\"667\">Sabemos que el \u00e9xito en el mundo de los repartos depende de contar con un equipo fiable. Por eso, <strong data-start=\"759\" data-end=\"867\">QikRide ofrece un servicio de suscripci\u00f3n de bicicletas el\u00e9ctricas en Madrid dise\u00f1ado espec\u00edficamente para riders<\/strong>.<br data-start=\"868\" data-end=\"871\">Conduce sin preocupaciones, evita gastos inesperados y c\u00e9ntrate en lo que realmente importa: repartir m\u00e1s y ganar m\u00e1s. <\/p>\t\t\t\t\t\t\t\t<\/div>\n\t\t<div class=\"elementor-element elementor-element-0adc6e5 e-con-full e-grid e-con e-child\" data-id=\"0adc6e5\" data-element_type=\"container\">\n\t\t<div class=\"elementor-element elementor-element-b363b9a e-con-full e-flex e-con e-child\" data-id=\"b363b9a\" data-element_type=\"container\" data-settings=\"{&quot;background_background&quot;:&quot;classic&quot;}\">\n\t\t\t\t<div class=\"elementor-element elementor-element-5d6bbcf elementor-widget elementor-widget-image\" data-id=\"5d6bbcf\" data-element_type=\"widget\" data-widget_type=\"image.default\">\n\t\t\t\t\t\t\t\t\t\t\t\t\t\t\t<img fetchpriority=\"high\" decoding=\"async\" width=\"790\" height=\"561\" src=\"https:\/\/qiktours.com\/wp-content\/uploads\/2026\/02\/qik-rider-1-1.jpg\" class=\"attachment-large size-large wp-image-3446\" alt=\"qik rider 1\" srcset=\"https:\/\/qiktours.com\/wp-content\/uploads\/2026\/02\/qik-rider-1-1.jpg 790w, https:\/\/qiktours.com\/wp-content\/uploads\/2026\/02\/qik-rider-1-1-300x213.jpg 300w, https:\/\/qiktours.com\/wp-content\/uploads\/2026\/02\/qik-rider-1-1-768x545.jpg 768w\" sizes=\"(max-width: 790px) 100vw, 790px\" title=\"Alquiler de bicicletas el\u00e9ctricas para riders en Madrid | QikRide\">\t\t\t\t\t\t\t\t\t\t\t\t\t\t\t<\/div>\n\t\t\t\t<\/div>\n\t\t<div class=\"elementor-element elementor-element-86a4529 e-con-full e-flex e-con e-child\" data-id=\"86a4529\" data-element_type=\"container\">\n\t\t\t\t<div class=\"elementor-element elementor-element-a9f96bf elementor-widget elementor-widget-image\" data-id=\"a9f96bf\" data-element_type=\"widget\" data-widget_type=\"image.default\">\n\t\t\t\t\t\t\t\t\t\t\t\t\t\t\t<img decoding=\"async\" width=\"790\" height=\"561\" src=\"https:\/\/qiktours.com\/wp-content\/uploads\/2026\/02\/qik-rider-2.jpg\" class=\"attachment-large size-large wp-image-3426\" alt=\"qik rider 2\" srcset=\"https:\/\/qiktours.com\/wp-content\/uploads\/2026\/02\/qik-rider-2.jpg 790w, https:\/\/qiktours.com\/wp-content\/uploads\/2026\/02\/qik-rider-2-300x213.jpg 300w, https:\/\/qiktours.com\/wp-content\/uploads\/2026\/02\/qik-rider-2-768x545.jpg 768w\" sizes=\"(max-width: 790px) 100vw, 790px\" title=\"Alquiler de bicicletas el\u00e9ctricas para riders en Madrid | QikRide\">\t\t\t\t\t\t\t\t\t\t\t\t\t\t\t<\/div>\n\t\t\t\t<\/div>\n\t\t\t\t<\/div>\n\t\t\t\t\t<\/div>\n\t\t\t\t<\/div>\n\t\t<div class=\"elementor-element elementor-element-6a3ed8c e-flex e-con-boxed e-con e-parent\" data-id=\"6a3ed8c\" data-element_type=\"container\">\n\t\t\t\t\t<div class=\"e-con-inner\">\n\t\t\t\t<div class=\"elementor-element elementor-element-3572e89 elementor-widget elementor-widget-heading\" data-id=\"3572e89\" data-element_type=\"widget\" data-widget_type=\"heading.default\">\n\t\t\t\t\t<h2 class=\"elementor-heading-title elementor-size-default\">Alquiler de bicicletas el\u00e9ctricas por suscripci\u00f3n para Riders<\/h2>\t\t\t\t<\/div>\n\t\t\t\t<div class=\"elementor-element elementor-element-8fde368 elementor-widget elementor-widget-text-editor\" data-id=\"8fde368\" data-element_type=\"widget\" data-widget_type=\"text-editor.default\">\n\t\t\t\t\t\t\t\t\t<p data-start=\"1077\" data-end=\"1251\">En <strong data-start=\"1080\" data-end=\"1091\">QikRide<\/strong>, ofrecemos un <strong data-start=\"1115\" data-end=\"1171\">servicio flexible de alquiler de bicicletas el\u00e9ctricas para Riders y mensajeros,<\/strong> ideal para la entrega de comida a domicilio, la log\u00edstica de \u00faltima milla y los profesionales de la movilidad urbana.<\/p><p data-start=\"1077\" data-end=\"1251\"><span style=\"font-style: inherit; font-weight: inherit;\">Nuestro modelo de suscripci\u00f3n te permite utilizar una bicicleta el\u00e9ctrica con mantenimiento completo sin necesidad de realizar una inversi\u00f3n inicial, reparaciones ni preocuparte por la bater\u00eda.<\/span><\/p>\t\t\t\t\t\t\t\t<\/div>\n\t\t<div class=\"elementor-element elementor-element-e34ff93 e-con-full e-flex e-con e-child\" data-id=\"e34ff93\" data-element_type=\"container\">\n\t\t<div class=\"elementor-element elementor-element-97259e2 e-con-full e-flex e-con e-child\" data-id=\"97259e2\" data-element_type=\"container\">\n\t\t\t\t<div class=\"elementor-element elementor-element-5610dd4 elementor-widget elementor-widget-text-editor\" data-id=\"5610dd4\" data-element_type=\"widget\" data-widget_type=\"text-editor.default\">\n\t\t\t\t\t\t\t\t\t<h2 data-start=\"1863\" data-end=\"1916\">Mantenimiento incluido y bater\u00eda adicional opcional<\/h2><p data-start=\"1918\" data-end=\"2036\">Trabaja con total tranquilidad. Todas las suscripciones incluyen el mantenimiento peri\u00f3dico debido al desgaste normal, como por ejemplo: <\/p><ul><li data-start=\"2040\" data-end=\"2058\">Ajuste de frenos<\/li><li data-start=\"2040\" data-end=\"2058\"><span style=\"font-style: inherit; font-weight: inherit;\">Comprobaci\u00f3n de la presi\u00f3n de las ruedas<\/span><\/li><li data-start=\"2040\" data-end=\"2058\"><span style=\"font-style: inherit; font-weight: inherit;\">Inspecci\u00f3n de la bater\u00eda<\/span><\/li><li data-start=\"2040\" data-end=\"2058\"><span style=\"font-style: inherit; font-weight: inherit;\">Ajustes mec\u00e1nicos generales<\/span><\/li><\/ul><h3>Bater\u00eda extra<\/h3><p data-start=\"2163\" data-end=\"2277\">\u00bfNecesitas m\u00e1s autonom\u00eda para turnos largos? A\u00f1ade una <strong data-start=\"2208\" data-end=\"2253\">bater\u00eda adicional por solo 20 \u20ac m\u00e1s al mes <\/strong>y sigue trabajando todo el d\u00eda. <\/p><hr data-start=\"2279\" data-end=\"2282\"><h2 data-start=\"2284\" data-end=\"2322\">Promoci\u00f3n especial para Riders<\/h2><p data-start=\"2324\" data-end=\"2458\">\u00bfSe te da bien atraer a gente nueva?<br data-start=\"2365\" data-end=\"2368\"><strong data-start=\"2368\" data-end=\"2397\">Si traes a 5 nuevos usuarios<\/strong>, obtendr\u00e1s un <strong data-start=\"2412\" data-end=\"2457\">50 % de descuento en tu suscripci\u00f3n mensual<\/strong>.<\/p>\t\t\t\t\t\t\t\t<\/div>\n\t\t\t\t<\/div>\n\t\t<div class=\"elementor-element elementor-element-648ac2c e-con-full e-flex e-con e-child\" data-id=\"648ac2c\" data-element_type=\"container\">\n\t\t\t\t<div class=\"elementor-element elementor-element-82b09ef elementor-button-info elementor-widget elementor-widget-button\" data-id=\"82b09ef\" data-element_type=\"widget\" data-widget_type=\"button.default\">\n\t\t\t\t\t\t\t\t\t\t<a class=\"elementor-button elementor-button-link elementor-size-sm\" href=\"tel:+34%20623%2074%2020%2070\">\n\t\t\t\t\t\t<span class=\"elementor-button-content-wrapper\">\n\t\t\t\t\t\t\t\t\t<span class=\"elementor-button-text\">\u00a1LL\u00c1MANOS AHORA!<\/span>\n\t\t\t\t\t<\/span>\n\t\t\t\t\t<\/a>\n\t\t\t\t\t\t\t\t<\/div>\n\t\t\t\t<div class=\"elementor-element elementor-element-a77bfea elementor-widget elementor-widget-text-editor\" data-id=\"a77bfea\" data-element_type=\"widget\" data-widget_type=\"text-editor.default\">\n\t\t\t\t\t\t\t\t\t<p data-start=\"1432\" data-end=\"1510\">Nuestros planes est\u00e1n dise\u00f1ados para adaptarse a diferentes ritmos de trabajo y niveles de compromiso:<\/p><h3 data-start=\"1512\" data-end=\"1535\">QikRiders plan<\/h3><ul><li><strong data-start=\"1538\" data-end=\"1552\">120\u20ac\/mes<\/strong><\/li><li>Compromiso m\u00ednimo: <strong data-start=\"1575\" data-end=\"1587\">3 meses<\/strong><\/li><li>Perfecto para riders que buscan flexibilidad y un compromiso reducido.<\/li><\/ul><h3 data-start=\"1650\" data-end=\"1677\">QikRiders Pro Plan<\/h3><ul><li data-start=\"1680\" data-end=\"1694\"><span data-start=\"1680\" data-end=\"1694\"><b>110\u20ac\/mes<\/b><\/span><\/li><li data-start=\"1680\" data-end=\"1694\">Compromiso m\u00ednimo: 6 meses<\/li><li data-start=\"1680\" data-end=\"1694\"><span style=\"font-style: inherit; font-weight: inherit;\">Ideal para riders que buscan estabilidad y ahorro a largo plazo.<\/span><\/li><\/ul><p data-start=\"1794\" data-end=\"1856\">Ambos planes est\u00e1n optimizados para su <strong data-start=\"1823\" data-end=\"1855\">uso diario en Madrid<\/strong>.<\/p>\t\t\t\t\t\t\t\t<\/div>\n\t\t\t\t<\/div>\n\t\t\t\t<\/div>\n\t\t\t\t\t<\/div>\n\t\t\t\t<\/div>\n\t\t<div class=\"elementor-element elementor-element-f3dfcff e-flex e-con-boxed e-con e-parent\" data-id=\"f3dfcff\" data-element_type=\"container\">\n\t\t\t\t\t<div class=\"e-con-inner\">\n\t\t<div class=\"elementor-element elementor-element-74def68 e-con-full e-flex e-con e-child\" data-id=\"74def68\" data-element_type=\"container\">\n\t\t\t\t<div class=\"elementor-element elementor-element-99a93d6 elementor-widget elementor-widget-text-editor\" data-id=\"99a93d6\" data-element_type=\"widget\" data-widget_type=\"text-editor.default\">\n\t\t\t\t\t\t\t\t\t<h2 data-start=\"2465\" data-end=\"2500\">Requisitos de la suscripci\u00f3n<\/h2><p data-start=\"2502\" data-end=\"2571\">Para activar tu <strong data-start=\"2519\" data-end=\"2557\">suscripci\u00f3n QikRider,<\/strong> necesitar\u00e1s:<\/p><ul><li data-start=\"2575\" data-end=\"2611\">Documento de identidad (DNI, NIE o pasaporte)<\/li><li data-start=\"2575\" data-end=\"2611\">Prueba de domicilio (padr\u00f3n o factura de servicios p\u00fablicos)<\/li><li data-start=\"2575\" data-end=\"2611\">Tarjeta bancaria a su nombre<\/li><\/ul><p data-start=\"2686\" data-end=\"2725\">Sencillo, transparente y f\u00e1cil de usar.<\/p>\t\t\t\t\t\t\t\t<\/div>\n\t\t\t\t<div class=\"elementor-element elementor-element-0a7f68b elementor-button-info elementor-widget elementor-widget-button\" data-id=\"0a7f68b\" data-element_type=\"widget\" data-widget_type=\"button.default\">\n\t\t\t\t\t\t\t\t\t\t<a class=\"elementor-button elementor-button-link elementor-size-sm\" href=\"tel:+34%20623%2074%2020%2070\">\n\t\t\t\t\t\t<span class=\"elementor-button-content-wrapper\">\n\t\t\t\t\t\t\t\t\t<span class=\"elementor-button-text\">\u00a1LL\u00c1MANOS AHORA!<\/span>\n\t\t\t\t\t<\/span>\n\t\t\t\t\t<\/a>\n\t\t\t\t\t\t\t\t<\/div>\n\t\t\t\t<\/div>\n\t\t\t\t<div class=\"elementor-element elementor-element-0a905fe elementor-widget elementor-widget-text-editor\" data-id=\"0a905fe\" data-element_type=\"widget\" data-widget_type=\"text-editor.default\">\n\t\t\t\t\t\t\t\t\t<p data-start=\"2764\" data-end=\"2955\">No dejes que las aver\u00edas, los problemas con la bater\u00eda o los costes del equipo te frenen.<br data-start=\"2834\" data-end=\"2837\"><strong data-start=\"2837\" data-end=\"2883\">\u00danete a la comunidad de usuarios de QikRide<\/strong> en Madrid y disfruta de una bicicleta el\u00e9ctrica fiable dise\u00f1ada para profesionales de la reparto.<\/p><p data-start=\"2957\" data-end=\"3013\"><strong data-start=\"2960\" data-end=\"3013\">Pedalea de forma m\u00e1s inteligente. Entrega m\u00e1s r\u00e1pido. Viaja con QikRide.  <\/strong><\/p>\t\t\t\t\t\t\t\t<\/div>\n\t\t<div class=\"elementor-element elementor-element-40bd59c e-con-full e-flex e-con e-child\" data-id=\"40bd59c\" data-element_type=\"container\">\n\t\t\t\t<div class=\"elementor-element elementor-element-15bebda elementor-widget elementor-widget-heading\" data-id=\"15bebda\" data-element_type=\"widget\" data-widget_type=\"heading.default\">\n\t\t\t\t\t<h2 class=\"elementor-heading-title elementor-size-default\">Otros servicios de QIK<\/h2>\t\t\t\t<\/div>\n\t\t\t\t<\/div>\n\t\t<div class=\"elementor-element elementor-element-7f248d4 e-con-full e-flex e-con e-child\" data-id=\"7f248d4\" data-element_type=\"container\">\n\t\t\t\t<div class=\"elementor-element elementor-element-96ed13e elementor-widget elementor-widget-text-editor\" data-id=\"96ed13e\" data-element_type=\"widget\" data-widget_type=\"text-editor.default\">\n\t\t\t\t\t\t\t\t\t<h4><b><a href=\"https:\/\/qiktours.com\/es\/alquiler-de-bicicletas-y-patinetes-electricos\/\">QIK Rental<\/a><\/b> | <b><a href=\"https:\/\/qiktours.com\/es\/tours\/\">QIK Tours<\/a><\/b> | <b><a href=\"https:\/\/qiktours.com\/es\/taller-de-patinetes-y-bicicletas-electricas-en-madrid\/\">QIK Workshop<\/a><\/b> | <b><a href=\"https:\/\/qiktours.com\/es\/qik-corporate-movilidad-electrica-y-team-building-para-empresas-en-madrid\/\">QIK Corporate<\/a><\/b> | <b><a href=\"https:\/\/qiktours.com\/es\/consigna-de-equipaje-en-madrid-qik-storage\/\">QIK Storage<\/a><\/b><\/h4>\t\t\t\t\t\t\t\t<\/div>\n\t\t\t\t<\/div>\n\t\t\t\t\t<\/div>\n\t\t\t\t<\/div>\n\t\t<div class=\"elementor-element elementor-element-ce41a60 e-con-full e-flex e-con e-parent\" data-id=\"ce41a60\" data-element_type=\"container\" data-settings=\"{&quot;background_background&quot;:&quot;classic&quot;}\">\n\t\t\t\t<div class=\"elementor-element elementor-element-190253a elementor-widget elementor-widget-heading\" data-id=\"190253a\" data-element_type=\"widget\" data-widget_type=\"heading.default\">\n\t\t\t\t\t<h2 class=\"elementor-heading-title elementor-size-default\">Aprovecha al m\u00e1ximo tu tiempo en Madrid<\/h2>\t\t\t\t<\/div>\n\t\t\t\t<div class=\"elementor-element elementor-element-e1e8f93 elementor-widget elementor-widget-text-editor\" data-id=\"e1e8f93\" data-element_type=\"widget\" data-widget_type=\"text-editor.default\">\n\t\t\t\t\t\t\t\t\t<p data-start=\"3412\" data-end=\"3499\">Explora m\u00e1s. Pasea con facilidad. Disfruta de cada minuto.  <\/p>\t\t\t\t\t\t\t\t<\/div>\n\t\t\t\t<div class=\"elementor-element elementor-element-caa99a0 elementor-widget elementor-widget-button\" data-id=\"caa99a0\" data-element_type=\"widget\" data-widget_type=\"button.default\">\n\t\t\t\t\t\t\t\t\t\t<a class=\"elementor-button elementor-button-link elementor-size-sm\" href=\"\/rental\/\">\n\t\t\t\t\t\t<span class=\"elementor-button-content-wrapper\">\n\t\t\t\t\t\t\t\t\t<span class=\"elementor-button-text\">\u00a1ALQUILA TU BICI HOY!<\/span>\n\t\t\t\t\t<\/span>\n\t\t\t\t\t<\/a>\n\t\t\t\t\t\t\t\t<\/div>\n\t\t\t\t<\/div>\n\t\t\t\t<\/div>\n\t\t","protected":false},"excerpt":{"rendered":"<p>Suscripci\u00f3n a bicicletas el\u00e9ctricas para riders en Madrid Una soluci\u00f3n fiable de bicicletas el\u00e9ctricas para los riders de Madrid \u00a1Hola, [&hellip;]<\/p>\n","protected":false},"author":10,"featured_media":0,"parent":0,"menu_order":0,"comment_status":"closed","ping_status":"closed","template":"","meta":{"_uag_custom_page_level_css":"","site-sidebar-layout":"default","site-content-layout":"","ast-site-content-layout":"default","site-content-style":"default","site-sidebar-style":"default","ast-global-header-display":"","ast-banner-title-visibility":"","ast-main-header-display":"","ast-hfb-above-header-display":"","ast-hfb-below-header-display":"","ast-hfb-mobile-header-display":"","site-post-title":"disabled","ast-breadcrumbs-content":"","ast-featured-img":"","footer-sml-layout":"","ast-disable-related-posts":"","theme-transparent-header-meta":"","adv-header-id-meta":"","stick-header-meta":"","header-above-stick-meta":"","header-main-stick-meta":"","header-below-stick-meta":"","astra-migrate-meta-layouts":"default","ast-page-background-enabled":"default","ast-page-background-meta":{"desktop":{"background-color":"var(--ast-global-color-4)","background-image":"","background-repeat":"repeat","background-position":"center center","background-size":"auto","background-attachment":"scroll","background-type":"","background-media":"","overlay-type":"","overlay-color":"","overlay-opacity":"","overlay-gradient":""},"tablet":{"background-color":"","background-image":"","background-repeat":"repeat","background-position":"center center","background-size":"auto","background-attachment":"scroll","background-type":"","background-media":"","overlay-type":"","overlay-color":"","overlay-opacity":"","overlay-gradient":""},"mobile":{"background-color":"","background-image":"","background-repeat":"repeat","background-position":"center center","background-size":"auto","background-attachment":"scroll","background-type":"","background-media":"","overlay-type":"","overlay-color":"","overlay-opacity":"","overlay-gradient":""}},"ast-content-background-meta":{"desktop":{"background-color":"var(--ast-global-color-5)","background-image":"","background-repeat":"repeat","background-position":"center center","background-size":"auto","background-attachment":"scroll","background-type":"","background-media":"","overlay-type":"","overlay-color":"","overlay-opacity":"","overlay-gradient":""},"tablet":{"background-color":"var(--ast-global-color-5)","background-image":"","background-repeat":"repeat","background-position":"center center","background-size":"auto","background-attachment":"scroll","background-type":"","background-media":"","overlay-type":"","overlay-color":"","overlay-opacity":"","overlay-gradient":""},"mobile":{"background-color":"var(--ast-global-color-5)","background-image":"","background-repeat":"repeat","background-position":"center center","background-size":"auto","background-attachment":"scroll","background-type":"","background-media":"","overlay-type":"","overlay-color":"","overlay-opacity":"","overlay-gradient":""}},"footnotes":""},"class_list":["post-3407","page","type-page","status-publish","hentry"],"uagb_featured_image_src":{"full":false,"thumbnail":false,"medium":false,"medium_large":false,"large":false,"1536x1536":false,"2048x2048":false},"uagb_author_info":{"display_name":"daniel.sanchez","author_link":"https:\/\/qiktours.com\/es\/author\/kdybsmkauslr\/"},"uagb_comment_info":0,"uagb_excerpt":"Suscripci\u00f3n a bicicletas el\u00e9ctricas para riders en Madrid Una soluci\u00f3n fiable de bicicletas el\u00e9ctricas para los riders de Madrid \u00a1Hola, [&hellip;]","jetpack_sharing_enabled":true,"_links":{"self":[{"href":"https:\/\/qiktours.com\/es\/wp-json\/wp\/v2\/pages\/3407","targetHints":{"allow":["GET"]}}],"collection":[{"href":"https:\/\/qiktours.com\/es\/wp-json\/wp\/v2\/pages"}],"about":[{"href":"https:\/\/qiktours.com\/es\/wp-json\/wp\/v2\/types\/page"}],"author":[{"embeddable":true,"href":"https:\/\/qiktours.com\/es\/wp-json\/wp\/v2\/users\/10"}],"replies":[{"embeddable":true,"href":"https:\/\/qiktours.com\/es\/wp-json\/wp\/v2\/comments?post=3407"}],"version-history":[{"count":11,"href":"https:\/\/qiktours.com\/es\/wp-json\/wp\/v2\/pages\/3407\/revisions"}],"predecessor-version":[{"id":3482,"href":"https:\/\/qiktours.com\/es\/wp-json\/wp\/v2\/pages\/3407\/revisions\/3482"}],"wp:attachment":[{"href":"https:\/\/qiktours.com\/es\/wp-json\/wp\/v2\/media?parent=3407"}],"curies":[{"name":"wp","href":"https:\/\/api.w.org\/{rel}","templated":true}]}}